{"id":808,"date":"2024-06-25T22:36:36","date_gmt":"2024-06-26T01:36:36","guid":{"rendered":"https:\/\/gayaspa.com.br\/?post_type=product&#038;p=808"},"modified":"2025-11-30T21:17:34","modified_gmt":"2025-12-01T00:17:34","slug":"detox-corporal","status":"publish","type":"product","link":"https:\/\/gayaspa.com.br\/index.php\/produto\/detox-corporal\/","title":{"rendered":"Detox corporal"},"content":{"rendered":"<p>Detox corporal \u00e9 um procedimento est\u00e9tico indicado para eliminar toxinas do corpo, reduzir o incha\u00e7o e a reten\u00e7\u00e3o de l\u00edquidos, suavizar as celulites e auxiliar na perda de peso, por exemplo.<\/p>\n<h2>Os benef\u00edcios do detox corporal s\u00e3o:<\/h2>\n<p>\u2013 Diminuir o edema (incha\u00e7o)<br \/>\n\u2013 Melhorar a circula\u00e7\u00e3o sangu\u00ednea<br \/>\n\u2013 Acelerar o metabolismo<br \/>\n\u2013 Reduzir medidas<br \/>\n\u2013 Combater e prevenir a celulite.<\/p>\n<p>Lembre-se que para ter um resultado positivo no tratamento est\u00e9tico, o paciente deve associar a rotina atividades f\u00edsicas e alimenta\u00e7\u00e3o balanceada.<\/p>\n<p>O procedimento \u00e9 contraindicado para gestantes, cardiopatas, portadores de marca-passo card\u00edaco, pacientes oncol\u00f3gicos, hipertensos e diabetes descompensados, portadores de epilepsia e processos infecciosos.<\/p>\n","protected":false},"excerpt":{"rendered":"<p>Detox Corporal \u00e9 um procedimento est\u00e9tico que auxilia na elimina\u00e7\u00e3o das toxinas existentes no nosso organismo e por consequ\u00eancia atua na redu\u00e7\u00e3o da gordura localizada. Ele \u00e9 indicado para homens e mulheres que ret\u00e9m muito l\u00edquido no corpo, que possuem m\u00e1 circula\u00e7\u00e3o e que tem dificuldade de emagrecer.<\/p>\n","protected":false},"featured_media":1392,"template":"","meta":[],"product_brand":[],"product_cat":[37],"product_tag":[],"class_list":{"0":"post-808","1":"product","2":"type-product","3":"status-publish","4":"has-post-thumbnail","6":"product_cat-tratamento","8":"first","9":"instock","10":"sold-individually","11":"shipping-taxable","12":"product-type-external"},"jetpack_sharing_enabled":true,"_links":{"self":[{"href":"https:\/\/gayaspa.com.br\/index.php\/wp-json\/wp\/v2\/product\/808","targetHints":{"allow":["GET"]}}],"collection":[{"href":"https:\/\/gayaspa.com.br\/index.php\/wp-json\/wp\/v2\/product"}],"about":[{"href":"https:\/\/gayaspa.com.br\/index.php\/wp-json\/wp\/v2\/types\/product"}],"wp:featuredmedia":[{"embeddable":true,"href":"https:\/\/gayaspa.com.br\/index.php\/wp-json\/wp\/v2\/media\/1392"}],"wp:attachment":[{"href":"https:\/\/gayaspa.com.br\/index.php\/wp-json\/wp\/v2\/media?parent=808"}],"wp:term":[{"taxonomy":"product_brand","embeddable":true,"href":"https:\/\/gayaspa.com.br\/index.php\/wp-json\/wp\/v2\/product_brand?post=808"},{"taxonomy":"product_cat","embeddable":true,"href":"https:\/\/gayaspa.com.br\/index.php\/wp-json\/wp\/v2\/product_cat?post=808"},{"taxonomy":"product_tag","embeddable":true,"href":"https:\/\/gayaspa.com.br\/index.php\/wp-json\/wp\/v2\/product_tag?post=808"}],"curies":[{"name":"wp","href":"https:\/\/api.w.org\/{rel}","templated":true}]}}