{"id":806,"date":"2024-06-25T22:31:33","date_gmt":"2024-06-26T01:31:33","guid":{"rendered":"https:\/\/gayaspa.com.br\/?post_type=product&#038;p=806"},"modified":"2025-11-30T21:17:44","modified_gmt":"2025-12-01T00:17:44","slug":"hidratacao-facial","status":"publish","type":"product","link":"https:\/\/gayaspa.com.br\/index.php\/produto\/hidratacao-facial\/","title":{"rendered":"Hidrata\u00e7\u00e3o facial"},"content":{"rendered":"<p>A hidrata\u00e7\u00e3o facial \u00e9 um tratamento est\u00e9tico que visa aumentar a umidade da pele, prevenindo o envelhecimento precoce e mantendo a pele saud\u00e1vel.<\/p>\n<p>Conhe\u00e7a os benef\u00edcios:<\/p>\n<ul>\n<li>Hidrata\u00e7\u00e3o Profunda: Aumenta os n\u00edveis de umidade da pele, proporcionando uma hidrata\u00e7\u00e3o profunda e duradoura;<\/li>\n<li>Pele Radiante: Ajuda a restaurar a luminosidade natural da pele, deixando-a com um aspecto mais radiante e saud\u00e1vel;<\/li>\n<li>Redu\u00e7\u00e3o de Linhas Finas e Rugas: A hidrata\u00e7\u00e3o adequada pode ajudar a minimizar a apar\u00eancia de linhas finas e rugas, dando \u00e0 pele uma apar\u00eancia mais jovem e suave;<\/li>\n<li>Prote\u00e7\u00e3o contra Danos Ambientais: A camada de hidrata\u00e7\u00e3o na pele atua como uma barreira protetora contra os danos causados pelos raios UV e outros agressores ambientais;<\/li>\n<li>Melhora da Textura da Pele: A pele fica mais macia, suave e com uma textura mais uniforme ap\u00f3s a hidrata\u00e7\u00e3o facial regular;<\/li>\n<li>Equil\u00edbrio da Oleosidade: A hidrata\u00e7\u00e3o facial adequada pode ajudar a equilibrar a produ\u00e7\u00e3o de \u00f3leo da pele, prevenindo o excesso de oleosidade e poss\u00edveis problemas como acne.<\/li>\n<\/ul>\n<p>Agora que voc\u00ea j\u00e1 conhece os benef\u00edcios da hidrata\u00e7\u00e3o facial, vamos marcar um hor\u00e1rio?<\/p>\n","protected":false},"excerpt":{"rendered":"<p>A hidrata\u00e7\u00e3o facial \u00e9 um tratamento essencial para manter a sa\u00fade e a beleza da pele do rosto. Peles ressecadas ou expostas ao sol sem prote\u00e7\u00e3o ficam sem brilho e com aspecto envelhecido. Este ritual de hidrata\u00e7\u00e3o profunda rep\u00f5e a umidade da pele, elimina tens\u00f5es e ameniza rugas suaves, al\u00e9m estimular a s\u00edntese da elastina e do col\u00e1geno da pele, fornecendo maior hidrata\u00e7\u00e3o ao tecido celular e devolvendo o brilho e a juventude da pele.<\/p>\n<p>&nbsp;<\/p>\n","protected":false},"featured_media":1394,"template":"","meta":[],"product_brand":[],"product_cat":[37],"product_tag":[],"class_list":{"0":"post-806","1":"product","2":"type-product","3":"status-publish","4":"has-post-thumbnail","6":"product_cat-tratamento","8":"first","9":"instock","10":"sold-individually","11":"shipping-taxable","12":"product-type-external"},"jetpack_sharing_enabled":true,"_links":{"self":[{"href":"https:\/\/gayaspa.com.br\/index.php\/wp-json\/wp\/v2\/product\/806","targetHints":{"allow":["GET"]}}],"collection":[{"href":"https:\/\/gayaspa.com.br\/index.php\/wp-json\/wp\/v2\/product"}],"about":[{"href":"https:\/\/gayaspa.com.br\/index.php\/wp-json\/wp\/v2\/types\/product"}],"wp:featuredmedia":[{"embeddable":true,"href":"https:\/\/gayaspa.com.br\/index.php\/wp-json\/wp\/v2\/media\/1394"}],"wp:attachment":[{"href":"https:\/\/gayaspa.com.br\/index.php\/wp-json\/wp\/v2\/media?parent=806"}],"wp:term":[{"taxonomy":"product_brand","embeddable":true,"href":"https:\/\/gayaspa.com.br\/index.php\/wp-json\/wp\/v2\/product_brand?post=806"},{"taxonomy":"product_cat","embeddable":true,"href":"https:\/\/gayaspa.com.br\/index.php\/wp-json\/wp\/v2\/product_cat?post=806"},{"taxonomy":"product_tag","embeddable":true,"href":"https:\/\/gayaspa.com.br\/index.php\/wp-json\/wp\/v2\/product_tag?post=806"}],"curies":[{"name":"wp","href":"https:\/\/api.w.org\/{rel}","templated":true}]}}