{"id":803,"date":"2024-06-25T22:25:09","date_gmt":"2024-06-26T01:25:09","guid":{"rendered":"https:\/\/gayaspa.com.br\/?post_type=product&#038;p=803"},"modified":"2025-11-30T21:17:54","modified_gmt":"2025-12-01T00:17:54","slug":"banho-de-lua","status":"publish","type":"product","link":"https:\/\/gayaspa.com.br\/index.php\/produto\/banho-de-lua\/","title":{"rendered":"Banho de Lua"},"content":{"rendered":"<p>O banho de lua, tamb\u00e9m conhecido como banho dourado, \u00e9 um procedimento est\u00e9tico muito realizado no ver\u00e3o com o objetivo de clarear os pelos, tornando-os menos vis\u00edveis a olho nu.<\/p>\n<p>Al\u00e9m disso, esse procedimento \u00e9 capaz de hidratar e nutrir a pele, al\u00e9m de remover as c\u00e9lulas mortas presente na pele, melhorando o aspecto da pele, deixando-a mais macia<\/p>\n<h2>Para que serve<\/h2>\n<p>O banho de lua \u00e9 indicado para:<\/p>\n<ul>\n<li>Clarear os pelos;<\/li>\n<li>Remover c\u00e9lulas mortas da pele;<\/li>\n<li>Promover a hidrata\u00e7\u00e3o e nutri\u00e7\u00e3o profundas da pele.<\/li>\n<\/ul>\n<h2>Quem n\u00e3o deve fazer<\/h2>\n<p>Como o banho de lua envolve o uso de uma subst\u00e2ncia potencialmente t\u00f3xica, esse procedimento est\u00e9tico n\u00e3o \u00e9 recomendado para gestantes, crian\u00e7as, pessoas que possuem les\u00f5es na pele ou que tenham alergia a qualquer um dos componentes do produto.<\/p>\n<p>&nbsp;<\/p>\n","protected":false},"excerpt":{"rendered":"<p>O banho de lua \u00e9 um procedimento est\u00e9tico que consiste no clareamento dos pelos de certa parte do corpo, com p\u00f3 descolorante e \u00e1gua oxigenada, e esfolia\u00e7\u00e3o corporal para remover as c\u00e9lulas mortas e deixar a pele macia e hidratada. No ver\u00e3o, \u00e9 muito popular entre as mulheres que querem real\u00e7ar o bronzeado e fugir da depila\u00e7\u00e3o. No entanto, o banho de lua requer alguns cuidados.<\/p>\n<p>&nbsp;<\/p>\n","protected":false},"featured_media":953,"template":"","meta":[],"product_brand":[],"product_cat":[37],"product_tag":[],"class_list":{"0":"post-803","1":"product","2":"type-product","3":"status-publish","4":"has-post-thumbnail","6":"product_cat-tratamento","8":"first","9":"instock","10":"sold-individually","11":"shipping-taxable","12":"product-type-external"},"jetpack_sharing_enabled":true,"_links":{"self":[{"href":"https:\/\/gayaspa.com.br\/index.php\/wp-json\/wp\/v2\/product\/803","targetHints":{"allow":["GET"]}}],"collection":[{"href":"https:\/\/gayaspa.com.br\/index.php\/wp-json\/wp\/v2\/product"}],"about":[{"href":"https:\/\/gayaspa.com.br\/index.php\/wp-json\/wp\/v2\/types\/product"}],"wp:featuredmedia":[{"embeddable":true,"href":"https:\/\/gayaspa.com.br\/index.php\/wp-json\/wp\/v2\/media\/953"}],"wp:attachment":[{"href":"https:\/\/gayaspa.com.br\/index.php\/wp-json\/wp\/v2\/media?parent=803"}],"wp:term":[{"taxonomy":"product_brand","embeddable":true,"href":"https:\/\/gayaspa.com.br\/index.php\/wp-json\/wp\/v2\/product_brand?post=803"},{"taxonomy":"product_cat","embeddable":true,"href":"https:\/\/gayaspa.com.br\/index.php\/wp-json\/wp\/v2\/product_cat?post=803"},{"taxonomy":"product_tag","embeddable":true,"href":"https:\/\/gayaspa.com.br\/index.php\/wp-json\/wp\/v2\/product_tag?post=803"}],"curies":[{"name":"wp","href":"https:\/\/api.w.org\/{rel}","templated":true}]}}