{"id":800,"date":"2024-06-25T22:18:44","date_gmt":"2024-06-26T01:18:44","guid":{"rendered":"https:\/\/gayaspa.com.br\/?post_type=product&#038;p=800"},"modified":"2025-11-30T21:18:06","modified_gmt":"2025-12-01T00:18:06","slug":"escalda-pes","status":"publish","type":"product","link":"https:\/\/gayaspa.com.br\/index.php\/produto\/escalda-pes\/","title":{"rendered":"Escalda-p\u00e9s"},"content":{"rendered":"<p>\u00c9 ineg\u00e1vel a quantidade de benef\u00edcios que o escalda p\u00e9s pode trazer ao corpo todo, afinal, n\u00e3o \u00e9 \u00e0 toa que essa t\u00e9cnica ficou t\u00e3o popular no mundo todo e atravessou gera\u00e7\u00f5es sendo usada at\u00e9 os dias atuais. Conhe\u00e7a abaixo quais s\u00e3o as principais vantagens.<\/p>\n<h3>Ajuda a aliviar o estresse<\/h3>\n<p>Com os p\u00e9s imersos em \u00e1gua quente, a t\u00e9cnica ajuda a relaxar os m\u00fasculos e a reduzir a tens\u00e3o, o que pode ajudar a aliviar a dor e o estresse acumulado durante o dia. A pr\u00e1tica \u00e9 ideal para fazer ap\u00f3s um dia cansativo e estressante.<\/p>\n<h3>Reduz o incha\u00e7o corporal<\/h3>\n<p>A imers\u00e3o ajuda a melhorar a circula\u00e7\u00e3o sangu\u00ednea nos p\u00e9s e nas pernas, o que pode ajudar a reduzir a sensa\u00e7\u00e3o de incha\u00e7o e a prevenir problemas circulat\u00f3rios. Al\u00e9m disso, o calor da \u00e1gua ajuda a relaxar os m\u00fasculos dos p\u00e9s e das pernas, aliviando a tens\u00e3o muscular e melhorando a mobilidade das articula\u00e7\u00f5es.<\/p>\n<h3>Melhora a qualidade do sono<\/h3>\n<p>Por ser uma t\u00e9cnica de relaxamento, o escalda p\u00e9s a relaxar o corpo e desacelerar a\u00a0 mente, o que contribui para uma boa noite de sono.<\/p>\n","protected":false},"excerpt":{"rendered":"<p>A t\u00e9cnica de escaldar os p\u00e9s consiste basicamente em mergulhar os p\u00e9s em uma bacia com \u00e1gua quente para aliviar dores e proporcionar a sensa\u00e7\u00e3o de relaxamento. Normalmente, junto com a \u00e1gua, adiciona-se ervas e sais para potencializar o efeito e a sensa\u00e7\u00e3o de bem-estar. Essa \u00e9 uma pr\u00e1tica que surgiu h\u00e1 mil\u00eanios de anos atr\u00e1s\u00a0 e esteve presente em diversas civiliza\u00e7\u00f5es e tradi\u00e7\u00f5es ao decorrer dos anos.<\/p>\n","protected":false},"featured_media":801,"template":"","meta":[],"product_brand":[],"product_cat":[34],"product_tag":[],"class_list":{"0":"post-800","1":"product","2":"type-product","3":"status-publish","4":"has-post-thumbnail","6":"product_cat-relaxamento","8":"first","9":"instock","10":"sold-individually","11":"shipping-taxable","12":"product-type-external"},"jetpack_sharing_enabled":true,"_links":{"self":[{"href":"https:\/\/gayaspa.com.br\/index.php\/wp-json\/wp\/v2\/product\/800","targetHints":{"allow":["GET"]}}],"collection":[{"href":"https:\/\/gayaspa.com.br\/index.php\/wp-json\/wp\/v2\/product"}],"about":[{"href":"https:\/\/gayaspa.com.br\/index.php\/wp-json\/wp\/v2\/types\/product"}],"wp:featuredmedia":[{"embeddable":true,"href":"https:\/\/gayaspa.com.br\/index.php\/wp-json\/wp\/v2\/media\/801"}],"wp:attachment":[{"href":"https:\/\/gayaspa.com.br\/index.php\/wp-json\/wp\/v2\/media?parent=800"}],"wp:term":[{"taxonomy":"product_brand","embeddable":true,"href":"https:\/\/gayaspa.com.br\/index.php\/wp-json\/wp\/v2\/product_brand?post=800"},{"taxonomy":"product_cat","embeddable":true,"href":"https:\/\/gayaspa.com.br\/index.php\/wp-json\/wp\/v2\/product_cat?post=800"},{"taxonomy":"product_tag","embeddable":true,"href":"https:\/\/gayaspa.com.br\/index.php\/wp-json\/wp\/v2\/product_tag?post=800"}],"curies":[{"name":"wp","href":"https:\/\/api.w.org\/{rel}","templated":true}]}}