{"id":798,"date":"2024-06-25T22:17:01","date_gmt":"2024-06-26T01:17:01","guid":{"rendered":"https:\/\/gayaspa.com.br\/?post_type=product&#038;p=798"},"modified":"2025-12-02T16:52:24","modified_gmt":"2025-12-02T19:52:24","slug":"banho-de-hidromasssagem","status":"publish","type":"product","link":"https:\/\/gayaspa.com.br\/index.php\/produto\/banho-de-hidromasssagem\/","title":{"rendered":"Banho de Hidromassagem"},"content":{"rendered":"<p>Sess\u00f5es de hidromassagem regulares s\u00e3o um \u00f3timo t\u00f4nico anti-stress.<\/p>\n<p>Durante a imers\u00e3o em \u00e1gua quente, o sistema nervoso parassimp\u00e1tico produz maior quantidade de hormonas que levam o corpo ao relaxamento, reduzindo os sintomas causados pelo stress acumulados durante o dia. Adicionalmente, a press\u00e3o da massagem estimula a produ\u00e7\u00e3o de endorfinas, que geram uma sensa\u00e7\u00e3o de prazer e relaxamento. Um banho em \u00e1gua quente tamb\u00e9m ajuda a facilitar o sono e o combate aos sintomas de ins\u00f4nia, permitindo sua recupera\u00e7\u00e3o.<\/p>\n<p>Banhos de hidromassagem s\u00e3o extremamente \u00fateis para pessoas que se dedicam ao esporte.<\/p>\n<p>Por um lado eles s\u00e3o um instrumento terap\u00eautico para tratar os resultados de traumas menores, como m\u00fasculos contra\u00eddos, contus\u00f5es, tors\u00f5es, etc. Por outro lado permitem recuperar sua energia ap\u00f3s qualquer tipo de treino, gra\u00e7as ao poder rejuvenescedor da \u00e1gua quente e da massagem.<\/p>\n<p>Al\u00e9m disso, \u00e9 a melhor op\u00e7\u00e3o depois de um dia estressante.<\/p>\n<p>Ent\u00e3o j\u00e1 venha marcar um hor\u00e1rio para relaxar completamente aqui no SPA Gaya.<\/p>\n<p>&nbsp;<\/p>\n","protected":false},"excerpt":{"rendered":"<p>Hidromassagem beneficia tanto o corpo quanto a mente, trazendo total relaxamento mental e f\u00edsico. Eles s\u00e3o equipadas com jatos concebidos e regulados para agir em todo corpo e massagear. Dessa forma os sistemas circulat\u00f3rio e linf\u00e1tico s\u00e3o estimulados, e os benef\u00edcios da \u00e1gua quente e da massagem s\u00e3o maximizados.<\/p>\n","protected":false},"featured_media":1390,"template":"","meta":[],"product_brand":[],"product_cat":[36,34],"product_tag":[],"class_list":{"0":"post-798","1":"product","2":"type-product","3":"status-publish","4":"has-post-thumbnail","6":"product_cat-bem-estar","7":"product_cat-relaxamento","9":"first","10":"instock","11":"sold-individually","12":"shipping-taxable","13":"product-type-external"},"jetpack_sharing_enabled":true,"_links":{"self":[{"href":"https:\/\/gayaspa.com.br\/index.php\/wp-json\/wp\/v2\/product\/798","targetHints":{"allow":["GET"]}}],"collection":[{"href":"https:\/\/gayaspa.com.br\/index.php\/wp-json\/wp\/v2\/product"}],"about":[{"href":"https:\/\/gayaspa.com.br\/index.php\/wp-json\/wp\/v2\/types\/product"}],"wp:featuredmedia":[{"embeddable":true,"href":"https:\/\/gayaspa.com.br\/index.php\/wp-json\/wp\/v2\/media\/1390"}],"wp:attachment":[{"href":"https:\/\/gayaspa.com.br\/index.php\/wp-json\/wp\/v2\/media?parent=798"}],"wp:term":[{"taxonomy":"product_brand","embeddable":true,"href":"https:\/\/gayaspa.com.br\/index.php\/wp-json\/wp\/v2\/product_brand?post=798"},{"taxonomy":"product_cat","embeddable":true,"href":"https:\/\/gayaspa.com.br\/index.php\/wp-json\/wp\/v2\/product_cat?post=798"},{"taxonomy":"product_tag","embeddable":true,"href":"https:\/\/gayaspa.com.br\/index.php\/wp-json\/wp\/v2\/product_tag?post=798"}],"curies":[{"name":"wp","href":"https:\/\/api.w.org\/{rel}","templated":true}]}}