{"id":796,"date":"2024-06-25T21:23:31","date_gmt":"2024-06-26T00:23:31","guid":{"rendered":"https:\/\/gayaspa.com.br\/?post_type=product&#038;p=796"},"modified":"2025-11-30T21:18:26","modified_gmt":"2025-12-01T00:18:26","slug":"reflexologia-capilar","status":"publish","type":"product","link":"https:\/\/gayaspa.com.br\/index.php\/produto\/reflexologia-capilar\/","title":{"rendered":"Reflexologia Craniana"},"content":{"rendered":"<p>Com tantas pessoas procurando alternativas mais hol\u00edsticas para cuidar da sa\u00fade, a reflexoterapia surge como uma op\u00e7\u00e3o n\u00e3o invasiva e natural para aqueles aliviar os males cotidianos. E \u00e9 por meio da reflexoterapia que pessoas de diversas idades encontram um respiro para os desafios do dia a dia, descobrindo uma fonte de relaxamento e equil\u00edbrio, pois ela consegue n\u00e3o s\u00f3 aliviar sintomas f\u00edsicos, mas proporcionar uma melhoria no estado emocional e psicol\u00f3gico.<\/p>\n<p>Veja quais s\u00e3o os principais benef\u00edcios da\u00a0<strong>reflexoterapia<\/strong>:<\/p>\n<ul>\n<li>Redu\u00e7\u00e3o do estresse e da ansiedade;<\/li>\n<li>Al\u00edvio de dores e tens\u00f5es musculares;<\/li>\n<li>Melhora na circula\u00e7\u00e3o sangu\u00ednea;<\/li>\n<li>Est\u00edmulo do funcionamento dos \u00f3rg\u00e3os internos;<\/li>\n<li>Fortalecimento do sistema imunol\u00f3gico;<\/li>\n<li>Equil\u00edbrio hormonal;<\/li>\n<li>Promo\u00e7\u00e3o do relaxamento profundo;<\/li>\n<li>Aux\u00edlio no al\u00edvio de condi\u00e7\u00f5es como enxaqueca e problemas digestivos.<\/li>\n<\/ul>\n<p>Vamos marcar um hor\u00e1rio para aproveitar todos esses benef\u00edcios?<\/p>\n","protected":false},"excerpt":{"rendered":"<p>A reflexoterapia se baseia na ideia de que pontos espec\u00edficos que correspondem a diferentes \u00f3rg\u00e3os e sistemas do corpo. Com a aplica\u00e7\u00e3o de press\u00e3o nesses pontos, ela estimula a capacidade de al\u00edvio de dores, relaxamento do corpo e facilita a recupera\u00e7\u00e3o do equil\u00edbrio f\u00edsico e energ\u00e9tico.<\/p>\n","protected":false},"featured_media":1402,"template":"","meta":[],"product_brand":[],"product_cat":[34,37],"product_tag":[],"class_list":{"0":"post-796","1":"product","2":"type-product","3":"status-publish","4":"has-post-thumbnail","6":"product_cat-relaxamento","7":"product_cat-tratamento","9":"first","10":"instock","11":"sold-individually","12":"shipping-taxable","13":"product-type-external"},"jetpack_sharing_enabled":true,"_links":{"self":[{"href":"https:\/\/gayaspa.com.br\/index.php\/wp-json\/wp\/v2\/product\/796","targetHints":{"allow":["GET"]}}],"collection":[{"href":"https:\/\/gayaspa.com.br\/index.php\/wp-json\/wp\/v2\/product"}],"about":[{"href":"https:\/\/gayaspa.com.br\/index.php\/wp-json\/wp\/v2\/types\/product"}],"wp:featuredmedia":[{"embeddable":true,"href":"https:\/\/gayaspa.com.br\/index.php\/wp-json\/wp\/v2\/media\/1402"}],"wp:attachment":[{"href":"https:\/\/gayaspa.com.br\/index.php\/wp-json\/wp\/v2\/media?parent=796"}],"wp:term":[{"taxonomy":"product_brand","embeddable":true,"href":"https:\/\/gayaspa.com.br\/index.php\/wp-json\/wp\/v2\/product_brand?post=796"},{"taxonomy":"product_cat","embeddable":true,"href":"https:\/\/gayaspa.com.br\/index.php\/wp-json\/wp\/v2\/product_cat?post=796"},{"taxonomy":"product_tag","embeddable":true,"href":"https:\/\/gayaspa.com.br\/index.php\/wp-json\/wp\/v2\/product_tag?post=796"}],"curies":[{"name":"wp","href":"https:\/\/api.w.org\/{rel}","templated":true}]}}