{"id":780,"date":"2024-06-14T19:23:38","date_gmt":"2024-06-14T22:23:38","guid":{"rendered":"https:\/\/gayaspa.com.br\/?post_type=product&#038;p=780"},"modified":"2025-11-30T21:18:34","modified_gmt":"2025-12-01T00:18:34","slug":"massagem-com-velas","status":"publish","type":"product","link":"https:\/\/gayaspa.com.br\/index.php\/produto\/massagem-com-velas\/","title":{"rendered":"Massagem com Velas"},"content":{"rendered":"<p>Massagem realizada com velas arom\u00e1ticas espec\u00edficas, que ao serem aquecidas se fundem em \u00f3leo e em seguida \u00e9 regada pelo corpo junto a manobras de deslizamentos superficiais e profundos levando a uma suave sensa\u00e7\u00e3o de conforto f\u00edsico e redu\u00e7\u00e3o do estresse.<\/p>\n<h2>Benef\u00edcios:<\/h2>\n<p>&#8211; Bem-estar, equil\u00edbrio energ\u00e9tico;<\/p>\n<p>&#8211; Relaxamento f\u00edsico e mental;<\/p>\n<p>&#8211; Diminui\u00e7\u00e3o da ins\u00f4nia e da ansiedade;<\/p>\n<p>&#8211; Elimina o cansa\u00e7o, reestabelece a energia esgotada;<\/p>\n<p>&#8211; Alivia os sintomas do estresse e tens\u00f5es musculares.<\/p>\n<p>&nbsp;<\/p>\n","protected":false},"excerpt":{"rendered":"<p data-pm-slice=\"1 1 []\">Usamos \u00f3leos essenciais derretidos de velas especiais para nutrir e hidratar a pele. Enquanto a vela queima, nossos profissionais aplicam suavemente o \u00f3leo derretido sobre o corpo em movimentos relaxantes. J\u00e1 sabe o que isso vai te proporcionar? Uma maravilhosa sensa\u00e7\u00e3o de calor reconfortante e um aroma delicioso.<\/p>\n","protected":false},"featured_media":889,"template":"","meta":[],"product_brand":[],"product_cat":[34],"product_tag":[],"class_list":{"0":"post-780","1":"product","2":"type-product","3":"status-publish","4":"has-post-thumbnail","6":"product_cat-relaxamento","8":"first","9":"instock","10":"sold-individually","11":"shipping-taxable","12":"product-type-external"},"jetpack_sharing_enabled":true,"_links":{"self":[{"href":"https:\/\/gayaspa.com.br\/index.php\/wp-json\/wp\/v2\/product\/780","targetHints":{"allow":["GET"]}}],"collection":[{"href":"https:\/\/gayaspa.com.br\/index.php\/wp-json\/wp\/v2\/product"}],"about":[{"href":"https:\/\/gayaspa.com.br\/index.php\/wp-json\/wp\/v2\/types\/product"}],"wp:featuredmedia":[{"embeddable":true,"href":"https:\/\/gayaspa.com.br\/index.php\/wp-json\/wp\/v2\/media\/889"}],"wp:attachment":[{"href":"https:\/\/gayaspa.com.br\/index.php\/wp-json\/wp\/v2\/media?parent=780"}],"wp:term":[{"taxonomy":"product_brand","embeddable":true,"href":"https:\/\/gayaspa.com.br\/index.php\/wp-json\/wp\/v2\/product_brand?post=780"},{"taxonomy":"product_cat","embeddable":true,"href":"https:\/\/gayaspa.com.br\/index.php\/wp-json\/wp\/v2\/product_cat?post=780"},{"taxonomy":"product_tag","embeddable":true,"href":"https:\/\/gayaspa.com.br\/index.php\/wp-json\/wp\/v2\/product_tag?post=780"}],"curies":[{"name":"wp","href":"https:\/\/api.w.org\/{rel}","templated":true}]}}