{"id":779,"date":"2024-06-14T19:23:03","date_gmt":"2024-06-14T22:23:03","guid":{"rendered":"https:\/\/gayaspa.com.br\/?post_type=product&#038;p=779"},"modified":"2025-11-30T21:18:42","modified_gmt":"2025-12-01T00:18:42","slug":"massagem-relaxante-pindas","status":"publish","type":"product","link":"https:\/\/gayaspa.com.br\/index.php\/produto\/massagem-relaxante-pindas\/","title":{"rendered":"Massagem Relaxante Pindas"},"content":{"rendered":"<p>A t\u00e9cnica foi desenvolvida na china, e era conhecida como um banho arom\u00e1tico e relaxante para os p\u00e9s e m\u00fasculos, mas logo foi se propagando pela Europa e Am\u00e9ricas, e hoje alcan\u00e7ou o mundo.<\/p>\n<p>O Tratamento com pindas \u00e9 100% natural e feito \u00e0 base de plantas e \u00f3leos de alta qualidade.<\/p>\n<p>Pindas \u00e9 o nome dado \u00e0s trouxinhas de tecido feitas de algod\u00e3o e que guardam, em seu interior,ervas e outros produtos terap\u00eauticos.<\/p>\n<h2>Indica\u00e7\u00f5es:<\/h2>\n<p>-Constipa\u00e7\u00f5es<br \/>\n-Cansa\u00e7o, Fadiga e Astenia;<br \/>\n-Falta de vitalidade;<br \/>\n-Bronquites;<br \/>\n-Resfriados;<br \/>\n-Asma;<br \/>\n-Tabagismo;<br \/>\n-Tristeza;<br \/>\n-Depress\u00e3o;<br \/>\n-Falta de autoestima.<\/p>\n","protected":false},"excerpt":{"rendered":"<p data-pm-slice=\"1 1 []\">A Massagem Relaxante com Pindas \u00e9 uma t\u00e9cnica terap\u00eautica que combina os benef\u00edcios da massagem relaxante com o uso de trouxinhas de tecido recheadas com ervas arom\u00e1ticas. Essas pindas s\u00e3o aquecidas e aplicadas sobre o corpo, aliviando o estresse e resultando em um equil\u00edbrio energ\u00e9tico. \u00c9 mais uma das nossas op\u00e7\u00f5es de experi\u00eancia sensorial que v\u00e3o renovar seu corpo e mente.<\/p>\n","protected":false},"featured_media":1401,"template":"","meta":[],"product_brand":[],"product_cat":[34],"product_tag":[],"class_list":{"0":"post-779","1":"product","2":"type-product","3":"status-publish","4":"has-post-thumbnail","6":"product_cat-relaxamento","8":"first","9":"instock","10":"sold-individually","11":"shipping-taxable","12":"product-type-external"},"jetpack_sharing_enabled":true,"_links":{"self":[{"href":"https:\/\/gayaspa.com.br\/index.php\/wp-json\/wp\/v2\/product\/779","targetHints":{"allow":["GET"]}}],"collection":[{"href":"https:\/\/gayaspa.com.br\/index.php\/wp-json\/wp\/v2\/product"}],"about":[{"href":"https:\/\/gayaspa.com.br\/index.php\/wp-json\/wp\/v2\/types\/product"}],"wp:featuredmedia":[{"embeddable":true,"href":"https:\/\/gayaspa.com.br\/index.php\/wp-json\/wp\/v2\/media\/1401"}],"wp:attachment":[{"href":"https:\/\/gayaspa.com.br\/index.php\/wp-json\/wp\/v2\/media?parent=779"}],"wp:term":[{"taxonomy":"product_brand","embeddable":true,"href":"https:\/\/gayaspa.com.br\/index.php\/wp-json\/wp\/v2\/product_brand?post=779"},{"taxonomy":"product_cat","embeddable":true,"href":"https:\/\/gayaspa.com.br\/index.php\/wp-json\/wp\/v2\/product_cat?post=779"},{"taxonomy":"product_tag","embeddable":true,"href":"https:\/\/gayaspa.com.br\/index.php\/wp-json\/wp\/v2\/product_tag?post=779"}],"curies":[{"name":"wp","href":"https:\/\/api.w.org\/{rel}","templated":true}]}}