{"id":778,"date":"2024-06-14T19:22:15","date_gmt":"2024-06-14T22:22:15","guid":{"rendered":"https:\/\/gayaspa.com.br\/?post_type=product&#038;p=778"},"modified":"2025-11-30T21:18:50","modified_gmt":"2025-12-01T00:18:50","slug":"massagem-relaxante-bambuterapia","status":"publish","type":"product","link":"https:\/\/gayaspa.com.br\/index.php\/produto\/massagem-relaxante-bambuterapia\/","title":{"rendered":"Massagem Relaxante Bambuterapia"},"content":{"rendered":"<p>A massagem com bambu, consiste em realizar manobras de press\u00e3o com hastes de bambu, atrav\u00e9s de movimentos espec\u00edficos os e pin\u00e7amentos, que ao serem utilizados, produzem uma modela\u00e7\u00e3o do corpo, um alto n\u00edvel de circula\u00e7\u00e3o sangu\u00ednea, desfazendo n\u00f3dulos, possibilitando ainda redu\u00e7\u00e3o do aspecto da celulite.<\/p>\n<h2>Indica\u00e7\u00e3o<\/h2>\n<p>O tratamento \u00e9 recomendado para proporcionar melhora dos n\u00edveis de gordura localizada, celulite, redu\u00e7\u00e3o de medidas.<\/p>\n<h2>Benef\u00edcios<\/h2>\n<p>\u2022 Atenuar a celulite<br \/>\n\u2022 Melhorar a elasticidade da pele.<br \/>\n\u2022 Aumento da circula\u00e7\u00e3o sangu\u00ednea<br \/>\n\u2022 Modela\u00e7\u00e3o corporal e redu\u00e7\u00e3o de medidas<\/p>\n<p>&nbsp;<\/p>\n","protected":false},"excerpt":{"rendered":"<p data-pm-slice=\"1 1 []\">A Bambuterapia \u00e9 uma t\u00e9cnica de massagem que utiliza bambus de diferentes tamanhos e formatos para proporcionar uma experi\u00eancia \u00fanica. Os bambus s\u00e3o deslizados suavemente sobre a pele para dar a voc\u00ea uma sensa\u00e7\u00e3o de tranquilidade e leveza.<\/p>\n","protected":false},"featured_media":1398,"template":"","meta":[],"product_brand":[],"product_cat":[34],"product_tag":[],"class_list":{"0":"post-778","1":"product","2":"type-product","3":"status-publish","4":"has-post-thumbnail","6":"product_cat-relaxamento","8":"first","9":"instock","10":"sold-individually","11":"shipping-taxable","12":"product-type-external"},"jetpack_sharing_enabled":true,"_links":{"self":[{"href":"https:\/\/gayaspa.com.br\/index.php\/wp-json\/wp\/v2\/product\/778","targetHints":{"allow":["GET"]}}],"collection":[{"href":"https:\/\/gayaspa.com.br\/index.php\/wp-json\/wp\/v2\/product"}],"about":[{"href":"https:\/\/gayaspa.com.br\/index.php\/wp-json\/wp\/v2\/types\/product"}],"wp:featuredmedia":[{"embeddable":true,"href":"https:\/\/gayaspa.com.br\/index.php\/wp-json\/wp\/v2\/media\/1398"}],"wp:attachment":[{"href":"https:\/\/gayaspa.com.br\/index.php\/wp-json\/wp\/v2\/media?parent=778"}],"wp:term":[{"taxonomy":"product_brand","embeddable":true,"href":"https:\/\/gayaspa.com.br\/index.php\/wp-json\/wp\/v2\/product_brand?post=778"},{"taxonomy":"product_cat","embeddable":true,"href":"https:\/\/gayaspa.com.br\/index.php\/wp-json\/wp\/v2\/product_cat?post=778"},{"taxonomy":"product_tag","embeddable":true,"href":"https:\/\/gayaspa.com.br\/index.php\/wp-json\/wp\/v2\/product_tag?post=778"}],"curies":[{"name":"wp","href":"https:\/\/api.w.org\/{rel}","templated":true}]}}