{"id":777,"date":"2024-06-14T19:21:51","date_gmt":"2024-06-14T22:21:51","guid":{"rendered":"https:\/\/gayaspa.com.br\/?post_type=product&#038;p=777"},"modified":"2025-11-30T21:19:34","modified_gmt":"2025-12-01T00:19:34","slug":"massagem-relaxante-pedras-quentes","status":"publish","type":"product","link":"https:\/\/gayaspa.com.br\/index.php\/produto\/massagem-relaxante-pedras-quentes\/","title":{"rendered":"Massagem Relaxante Pedras Quentes"},"content":{"rendered":"<p>De maneira simples, essa massagem faz uso de pedras de basalto quentes, que s\u00e3o colocadas em pontos estrat\u00e9gicos do corpo. O foco principal da pr\u00e1tica \u00e9 garantir o al\u00edvio do estresse, provocando relaxamento e sensa\u00e7\u00e3o de bem-estar. Portanto, tamb\u00e9m \u00e9 capaz de reduzir desconfortos gerais.<\/p>\n<p>Benef\u00edcios da massagem de pedras quentes<\/p>\n<p>-Melhora no processo de circula\u00e7\u00e3o do sangue;<br \/>\n-Dilata\u00e7\u00e3o dos vasos capaz de causar al\u00edvio de dores e desconfortos;<br \/>\n-Al\u00edvio da tens\u00e3o e dor muscular;<br \/>\n-Redu\u00e7\u00e3o do estresse e sintomas da ansiedade;<br \/>\n-Aumento na sensa\u00e7\u00e3o de bem-estar;<\/p>\n","protected":false},"excerpt":{"rendered":"<p data-pm-slice=\"1 1 []\">Aqui combinamos os benef\u00edcios terap\u00eauticos da massagem relaxante com o calor das pedras vulc\u00e2nicas aquecidas. As pedras lisas e aquecidas s\u00e3o posicionadas em pontos estrat\u00e9gicos do corpo para aliviar a tens\u00e3o muscular e estimular a sensa\u00e7\u00e3o de calmaria que voc\u00ea est\u00e1 buscando.<\/p>\n","protected":false},"featured_media":1400,"template":"","meta":[],"product_brand":[],"product_cat":[34],"product_tag":[],"class_list":{"0":"post-777","1":"product","2":"type-product","3":"status-publish","4":"has-post-thumbnail","6":"product_cat-relaxamento","8":"first","9":"instock","10":"sold-individually","11":"shipping-taxable","12":"product-type-external"},"jetpack_sharing_enabled":true,"_links":{"self":[{"href":"https:\/\/gayaspa.com.br\/index.php\/wp-json\/wp\/v2\/product\/777","targetHints":{"allow":["GET"]}}],"collection":[{"href":"https:\/\/gayaspa.com.br\/index.php\/wp-json\/wp\/v2\/product"}],"about":[{"href":"https:\/\/gayaspa.com.br\/index.php\/wp-json\/wp\/v2\/types\/product"}],"wp:featuredmedia":[{"embeddable":true,"href":"https:\/\/gayaspa.com.br\/index.php\/wp-json\/wp\/v2\/media\/1400"}],"wp:attachment":[{"href":"https:\/\/gayaspa.com.br\/index.php\/wp-json\/wp\/v2\/media?parent=777"}],"wp:term":[{"taxonomy":"product_brand","embeddable":true,"href":"https:\/\/gayaspa.com.br\/index.php\/wp-json\/wp\/v2\/product_brand?post=777"},{"taxonomy":"product_cat","embeddable":true,"href":"https:\/\/gayaspa.com.br\/index.php\/wp-json\/wp\/v2\/product_cat?post=777"},{"taxonomy":"product_tag","embeddable":true,"href":"https:\/\/gayaspa.com.br\/index.php\/wp-json\/wp\/v2\/product_tag?post=777"}],"curies":[{"name":"wp","href":"https:\/\/api.w.org\/{rel}","templated":true}]}}