{"id":772,"date":"2024-06-14T19:14:29","date_gmt":"2024-06-14T22:14:29","guid":{"rendered":"https:\/\/gayaspa.com.br\/?post_type=product&#038;p=772"},"modified":"2025-11-30T21:19:43","modified_gmt":"2025-12-01T00:19:43","slug":"tape-terapia","status":"publish","type":"product","link":"https:\/\/gayaspa.com.br\/index.php\/produto\/tape-terapia\/","title":{"rendered":"Tapetherapia"},"content":{"rendered":"<div data-breakout=\"normal\">\n<p id=\"viewer-m16xf9701\" class=\"Yxme4 _7TwO0 LUlav d-O73\" dir=\"auto\"><span class=\"MuheC\">A Tape terapia \u00e9 um tratamento realizado com o uso de fitas adesivas em locais espec\u00edficos do corpo, dependendo da condi\u00e7\u00e3o que o paciente apresenta. Trata-se de um recurso complementar para tratar doen\u00e7as como tendinites, bursites, entorses, dores musculares, entre outros problemas musculoesquel\u00e9ticos.<\/span><\/p>\n<\/div>\n<h2 data-hook=\"rcv-block7\">Para que serve a fita?<\/h2>\n<div data-breakout=\"normal\">\n<p id=\"viewer-cqu22133\" class=\"Yxme4 _7TwO0 LUlav d-O73\" dir=\"auto\">-Suporte e estabiliza\u00e7\u00e3o;<\/p>\n<p dir=\"auto\">-Al\u00edvio da dor;<\/p>\n<p dir=\"auto\">-Melhoria da circula\u00e7\u00e3o sangu\u00ednea e linf\u00e1tica;<\/p>\n<p dir=\"auto\">-Preven\u00e7\u00e3o de les\u00f5es;<\/p>\n<p dir=\"auto\">-Facilita\u00e7\u00e3o ou inibi\u00e7\u00e3o muscular;<\/p>\n<p dir=\"auto\">-Feedback sensorial;<\/p>\n<p dir=\"auto\">\n<\/div>\n","protected":false},"excerpt":{"rendered":"<p data-pm-slice=\"1 1 []\">Na Tape Terapia usamos fitas adesivas especiais para aliviar a dor, melhorar a circula\u00e7\u00e3o sangu\u00ednea e estimular a recupera\u00e7\u00e3o dos m\u00fasculos. As fitas s\u00e3o aplicadas sobre a pele de forma estrat\u00e9gica para dar suporte e estabilidade \u00e0s articula\u00e7\u00f5es e \u00e1reas afetadas. Uma alternativa n\u00e3o invasiva excelente e eficaz para o tratamento de les\u00f5es esportivas, dores musculares e outros problemas f\u00edsicos.<\/p>\n","protected":false},"featured_media":950,"template":"","meta":[],"product_brand":[],"product_cat":[34,37],"product_tag":[],"class_list":{"0":"post-772","1":"product","2":"type-product","3":"status-publish","4":"has-post-thumbnail","6":"product_cat-relaxamento","7":"product_cat-tratamento","9":"first","10":"instock","11":"sold-individually","12":"shipping-taxable","13":"product-type-external"},"jetpack_sharing_enabled":true,"_links":{"self":[{"href":"https:\/\/gayaspa.com.br\/index.php\/wp-json\/wp\/v2\/product\/772","targetHints":{"allow":["GET"]}}],"collection":[{"href":"https:\/\/gayaspa.com.br\/index.php\/wp-json\/wp\/v2\/product"}],"about":[{"href":"https:\/\/gayaspa.com.br\/index.php\/wp-json\/wp\/v2\/types\/product"}],"wp:featuredmedia":[{"embeddable":true,"href":"https:\/\/gayaspa.com.br\/index.php\/wp-json\/wp\/v2\/media\/950"}],"wp:attachment":[{"href":"https:\/\/gayaspa.com.br\/index.php\/wp-json\/wp\/v2\/media?parent=772"}],"wp:term":[{"taxonomy":"product_brand","embeddable":true,"href":"https:\/\/gayaspa.com.br\/index.php\/wp-json\/wp\/v2\/product_brand?post=772"},{"taxonomy":"product_cat","embeddable":true,"href":"https:\/\/gayaspa.com.br\/index.php\/wp-json\/wp\/v2\/product_cat?post=772"},{"taxonomy":"product_tag","embeddable":true,"href":"https:\/\/gayaspa.com.br\/index.php\/wp-json\/wp\/v2\/product_tag?post=772"}],"curies":[{"name":"wp","href":"https:\/\/api.w.org\/{rel}","templated":true}]}}