{"id":770,"date":"2024-06-14T19:09:07","date_gmt":"2024-06-14T22:09:07","guid":{"rendered":"https:\/\/gayaspa.com.br\/?post_type=product&#038;p=770"},"modified":"2025-11-30T21:19:51","modified_gmt":"2025-12-01T00:19:51","slug":"shirodhara","status":"publish","type":"product","link":"https:\/\/gayaspa.com.br\/index.php\/produto\/shirodhara\/","title":{"rendered":"Shirodhara"},"content":{"rendered":"<p>Shirodhara \u00e9 um fluxo de mix de ervas que, atrav\u00e9s da panela Shirodhara, fica vertendo sobre a testa, especificamente na regi\u00e3o do terceiro olho. \u00c9 uma das mais divinas e relaxantes terapias que se possa experimentar.<\/p>\n<p>O principal objetivo desse tratamento est\u00e1 na nutri\u00e7\u00e3o dos canais energ\u00e9ticos, atrav\u00e9s do Shirodhara.<\/p>\n<p>Manobras de relaxamento com \u00f3leo curativo s\u00e3o realizadas por todo o corpo, da cabe\u00e7a aos p\u00e9s, mas o mix de ervas com a panela shirodhara \u00e9 aplicado apenas na regi\u00e3o do terceiro olho.<\/p>\n<p>Est\u00e1 modalidade \u00e9 contraindicada para quem tem tumores malignos, gr\u00e1vidas, hipertens\u00e3o descontrolada, doen\u00e7as do sistema linf\u00e1tico, infec\u00e7\u00f5es e ferimentos na pele.<\/p>\n<p>&nbsp;<\/p>\n","protected":false},"excerpt":{"rendered":"<p>Shirodhara \u00e9 um fluxo de \u00f3leo morno que fica vertendo sobre a testa, logo acima das sobrancelhas. \u00c9 uma das mais divinas e relaxantes terapias que se possa experimentar. Ap\u00f3s essa terapia o paciente irradia frescor na pele, sa\u00fade, vitalidade e profundo bem estar, demonstrando sorriso e serenidade.<\/p>\n","protected":false},"featured_media":954,"template":"","meta":[],"product_brand":[],"product_cat":[34],"product_tag":[],"class_list":{"0":"post-770","1":"product","2":"type-product","3":"status-publish","4":"has-post-thumbnail","6":"product_cat-relaxamento","8":"first","9":"instock","10":"sold-individually","11":"shipping-taxable","12":"product-type-external"},"jetpack_sharing_enabled":true,"_links":{"self":[{"href":"https:\/\/gayaspa.com.br\/index.php\/wp-json\/wp\/v2\/product\/770","targetHints":{"allow":["GET"]}}],"collection":[{"href":"https:\/\/gayaspa.com.br\/index.php\/wp-json\/wp\/v2\/product"}],"about":[{"href":"https:\/\/gayaspa.com.br\/index.php\/wp-json\/wp\/v2\/types\/product"}],"wp:featuredmedia":[{"embeddable":true,"href":"https:\/\/gayaspa.com.br\/index.php\/wp-json\/wp\/v2\/media\/954"}],"wp:attachment":[{"href":"https:\/\/gayaspa.com.br\/index.php\/wp-json\/wp\/v2\/media?parent=770"}],"wp:term":[{"taxonomy":"product_brand","embeddable":true,"href":"https:\/\/gayaspa.com.br\/index.php\/wp-json\/wp\/v2\/product_brand?post=770"},{"taxonomy":"product_cat","embeddable":true,"href":"https:\/\/gayaspa.com.br\/index.php\/wp-json\/wp\/v2\/product_cat?post=770"},{"taxonomy":"product_tag","embeddable":true,"href":"https:\/\/gayaspa.com.br\/index.php\/wp-json\/wp\/v2\/product_tag?post=770"}],"curies":[{"name":"wp","href":"https:\/\/api.w.org\/{rel}","templated":true}]}}