{"id":768,"date":"2024-06-14T18:59:21","date_gmt":"2024-06-14T21:59:21","guid":{"rendered":"https:\/\/gayaspa.com.br\/?post_type=product&#038;p=768"},"modified":"2025-11-30T21:20:00","modified_gmt":"2025-12-01T00:20:00","slug":"dermaplaning","status":"publish","type":"product","link":"https:\/\/gayaspa.com.br\/index.php\/produto\/dermaplaning\/","title":{"rendered":"Dermaplaning"},"content":{"rendered":"<p>Voc\u00ea sabe o que \u00e9 dermaplaning? J\u00e1 ouviu falar neste procedimento est\u00e9tico?<\/p>\n<p>O dermaplaning \u00e9 um procedimento est\u00e9tico que utiliza um bisturi esterilizado para remover as c\u00e9lulas mortas da camada mais superficial da pele, principalmente na regi\u00e3o do rosto e pesco\u00e7o.<\/p>\n<p>Este procedimento \u00e9 realizado para melhorar a textura e tonalidade da pele, al\u00e9m de provocar uma sensa\u00e7\u00e3o de rejuvenescimento.<\/p>\n<h2>Para quem o dermaplaning \u00e9 indicado?<\/h2>\n<p>O dermaplaning \u00e9 indicado pelos profissionais quando se apresentam as seguintes queixas:<\/p>\n<p>-Rugas e linhas de express\u00e3o;<br \/>\n-Pele pigmentada;<br \/>\n-Danos causados pela exposi\u00e7\u00e3o solar.<\/p>\n<p>\u00c9 importante ressaltar que este procedimento \u00e9 menos invasivo e mais brando, sendo uma alternativa para tratamentos como o microagulhamento e o peeling qu\u00edmico, t\u00e9cnicas mais invasivas.<\/p>\n<p>Por\u00e9m, vale lembrar que por ser mais \u201cleve\u201d, o resultado pode ser menos expressivo do que os outros procedimentos.<\/p>\n","protected":false},"excerpt":{"rendered":"<p data-pm-slice=\"1 1 []\">O dermaplaning \u00e9 um procedimento est\u00e9tico que utiliza uma l\u00e2mina especial para remover suavemente as c\u00e9lulas mortas e o pelo fino do rosto, resultando em uma pele mais lisa, brilhante e uniforme. Aqui, conseguimos reduzir a apar\u00eancia de linhas finas e rugas e facilitar a absor\u00e7\u00e3o de produtos de cuidados na \u00e1rea tratada.<\/p>\n<p data-pm-slice=\"1 1 []\">Que tal ter uma pele de beb\u00ea, hein?!<\/p>\n<p>&nbsp;<\/p>\n","protected":false},"featured_media":1389,"template":"","meta":[],"product_brand":[],"product_cat":[36,37],"product_tag":[],"class_list":{"0":"post-768","1":"product","2":"type-product","3":"status-publish","4":"has-post-thumbnail","6":"product_cat-bem-estar","7":"product_cat-tratamento","9":"first","10":"instock","11":"sold-individually","12":"shipping-taxable","13":"product-type-external"},"jetpack_sharing_enabled":true,"_links":{"self":[{"href":"https:\/\/gayaspa.com.br\/index.php\/wp-json\/wp\/v2\/product\/768","targetHints":{"allow":["GET"]}}],"collection":[{"href":"https:\/\/gayaspa.com.br\/index.php\/wp-json\/wp\/v2\/product"}],"about":[{"href":"https:\/\/gayaspa.com.br\/index.php\/wp-json\/wp\/v2\/types\/product"}],"wp:featuredmedia":[{"embeddable":true,"href":"https:\/\/gayaspa.com.br\/index.php\/wp-json\/wp\/v2\/media\/1389"}],"wp:attachment":[{"href":"https:\/\/gayaspa.com.br\/index.php\/wp-json\/wp\/v2\/media?parent=768"}],"wp:term":[{"taxonomy":"product_brand","embeddable":true,"href":"https:\/\/gayaspa.com.br\/index.php\/wp-json\/wp\/v2\/product_brand?post=768"},{"taxonomy":"product_cat","embeddable":true,"href":"https:\/\/gayaspa.com.br\/index.php\/wp-json\/wp\/v2\/product_cat?post=768"},{"taxonomy":"product_tag","embeddable":true,"href":"https:\/\/gayaspa.com.br\/index.php\/wp-json\/wp\/v2\/product_tag?post=768"}],"curies":[{"name":"wp","href":"https:\/\/api.w.org\/{rel}","templated":true}]}}