{"id":766,"date":"2024-06-14T18:30:49","date_gmt":"2024-06-14T21:30:49","guid":{"rendered":"https:\/\/gayaspa.com.br\/?post_type=product&#038;p=766"},"modified":"2025-11-30T21:20:09","modified_gmt":"2025-12-01T00:20:09","slug":"esfoliacao-corporal","status":"publish","type":"product","link":"https:\/\/gayaspa.com.br\/index.php\/produto\/esfoliacao-corporal\/","title":{"rendered":"Esfolia\u00e7\u00e3o Corporal"},"content":{"rendered":"<p>A esfolia\u00e7\u00e3o corporal \u00e9 um procedimento de cuidados com a pele que remove as camadas superficiais de c\u00e9lulas mortas da epiderme a partir de part\u00edculas esfoliantes, que podem ser naturais ou qu\u00edmicas, promovendo a renova\u00e7\u00e3o celular e uma pele mais saud\u00e1vel.<\/p>\n<p>A esfolia\u00e7\u00e3o estimula a circula\u00e7\u00e3o sangu\u00ednea e melhora a absor\u00e7\u00e3o de outros produtos para a pele, como hidratantes e \u00f3leos nutritivos. Por isso \u00e9 um passo essencial nos cuidados com a pele, j\u00e1 que o ac\u00famulo de c\u00e9lulas mortas pode gerar poros entupidos e resultar em cravos e espinhas.<\/p>\n<h2>Os benef\u00edcios da esfolia\u00e7\u00e3o corporal<\/h2>\n<p>1. Melhora a Circula\u00e7\u00e3o Sangu\u00ednea<\/p>\n<p>2. Remove C\u00e9lulas Mortas<\/p>\n<p>3. Desobstrui os Poros<\/p>\n<p>4. Previne o Surgimento de Pelos Encravados<\/p>\n<p>5. Maciez da Pele<\/p>\n<p>Esses benef\u00edcios da esfolia\u00e7\u00e3o corporal n\u00e3o apenas fazem bem para a sua pele, mas tamb\u00e9m proporcionam uma sensa\u00e7\u00e3o incr\u00edvel de revitaliza\u00e7\u00e3o. \u00c9 como dar um renovada na sua pele para que ela brilhe com toda a sa\u00fade e beleza \u00fanicas que ela tem.<\/p>\n<p>Vamos marcar uma momento de cuidado consigo mesma?<\/p>\n","protected":false},"excerpt":{"rendered":"<p data-pm-slice=\"1 1 []\">Nesse tratamento removemos as c\u00e9lulas mortas da pele, deixando-a mais macia e suave. Com esfoliantes naturais, massageamos suavemente o corpo para remover as impurezas e estimular a renova\u00e7\u00e3o celular. Uma op\u00e7\u00e3o incr\u00edvel para preparar a sua pele para outros tratamentos, como hidrata\u00e7\u00e3o ou bronzeamento, ou simplesmente para mant\u00ea-la mais saud\u00e1vel.<\/p>\n","protected":false},"featured_media":1351,"template":"","meta":[],"product_brand":[],"product_cat":[36],"product_tag":[],"class_list":{"0":"post-766","1":"product","2":"type-product","3":"status-publish","4":"has-post-thumbnail","6":"product_cat-bem-estar","8":"first","9":"instock","10":"sold-individually","11":"shipping-taxable","12":"product-type-external"},"jetpack_sharing_enabled":true,"_links":{"self":[{"href":"https:\/\/gayaspa.com.br\/index.php\/wp-json\/wp\/v2\/product\/766","targetHints":{"allow":["GET"]}}],"collection":[{"href":"https:\/\/gayaspa.com.br\/index.php\/wp-json\/wp\/v2\/product"}],"about":[{"href":"https:\/\/gayaspa.com.br\/index.php\/wp-json\/wp\/v2\/types\/product"}],"wp:featuredmedia":[{"embeddable":true,"href":"https:\/\/gayaspa.com.br\/index.php\/wp-json\/wp\/v2\/media\/1351"}],"wp:attachment":[{"href":"https:\/\/gayaspa.com.br\/index.php\/wp-json\/wp\/v2\/media?parent=766"}],"wp:term":[{"taxonomy":"product_brand","embeddable":true,"href":"https:\/\/gayaspa.com.br\/index.php\/wp-json\/wp\/v2\/product_brand?post=766"},{"taxonomy":"product_cat","embeddable":true,"href":"https:\/\/gayaspa.com.br\/index.php\/wp-json\/wp\/v2\/product_cat?post=766"},{"taxonomy":"product_tag","embeddable":true,"href":"https:\/\/gayaspa.com.br\/index.php\/wp-json\/wp\/v2\/product_tag?post=766"}],"curies":[{"name":"wp","href":"https:\/\/api.w.org\/{rel}","templated":true}]}}