{"id":764,"date":"2024-06-14T11:21:38","date_gmt":"2024-06-14T14:21:38","guid":{"rendered":"https:\/\/gayaspa.com.br\/?post_type=product&#038;p=764"},"modified":"2025-11-30T21:20:16","modified_gmt":"2025-12-01T00:20:16","slug":"drenagem-facial","status":"publish","type":"product","link":"https:\/\/gayaspa.com.br\/index.php\/produto\/drenagem-facial\/","title":{"rendered":"Drenagem Linf\u00e1tica Facial"},"content":{"rendered":"<p>A drenagem facial \u00e9 um tipo de t\u00e9cnica de massagem incr\u00edvel para estimular o sistema linf\u00e1tico do rosto, uma parte crucial do sistema imunol\u00f3gico do corpo. Ao contr\u00e1rio de uma massagem comum, a drenagem linf\u00e1tica facial \u00e9 suave e delicada, focando em movimentos espec\u00edficos que ajudam a drenar o excesso de l\u00edquido e toxinas retidas nos tecidos faciais.<\/p>\n<p>A t\u00e9cnica envolve movimentos leves, como deslizar e pressionar, que seguem o caminho dos vasos linf\u00e1ticos. Esses vasos transportam a linfa, um fluido que ajuda a remover res\u00edduos e impurezas do corpo. Quando aplicada no rosto e pesco\u00e7o, a drenagem linf\u00e1tica facial pode proporcionar uma s\u00e9rie de benef\u00edcios.<\/p>\n<h2>Benef\u00edcios da Drenagem Facial:<\/h2>\n<p>-Elimina\u00e7\u00e3o do incha\u00e7o e do excesso de l\u00edquidos<br \/>\n-Relaxamento<br \/>\n-Diminui\u00e7\u00e3o de edemas<br \/>\n-Melhora tecidual<\/p>\n<p>Sentiu que deu uma inchada? Venha marcar um hor\u00e1rio para te ajudar no desincha\u00e7o e ter esse momento de cuidado com voc\u00ea mesma!<\/p>\n","protected":false},"excerpt":{"rendered":"<p data-pm-slice=\"1 1 []\">Ajuda na redu\u00e7\u00e3o do incha\u00e7o, elimina\u00e7\u00e3o das toxinas e promove a circula\u00e7\u00e3o linf\u00e1tica na regi\u00e3o do rosto. Nessa drenagem, direcionamos o excesso de fluido para estimular o sistema linf\u00e1tico a trabalhar de forma mais eficiente, deixando a pele mais radiante e rejuvenescida.<\/p>\n","protected":false},"featured_media":1391,"template":"","meta":[],"product_brand":[],"product_cat":[36,37],"product_tag":[],"class_list":{"0":"post-764","1":"product","2":"type-product","3":"status-publish","4":"has-post-thumbnail","6":"product_cat-bem-estar","7":"product_cat-tratamento","9":"first","10":"instock","11":"sold-individually","12":"shipping-taxable","13":"product-type-external"},"jetpack_sharing_enabled":true,"_links":{"self":[{"href":"https:\/\/gayaspa.com.br\/index.php\/wp-json\/wp\/v2\/product\/764","targetHints":{"allow":["GET"]}}],"collection":[{"href":"https:\/\/gayaspa.com.br\/index.php\/wp-json\/wp\/v2\/product"}],"about":[{"href":"https:\/\/gayaspa.com.br\/index.php\/wp-json\/wp\/v2\/types\/product"}],"wp:featuredmedia":[{"embeddable":true,"href":"https:\/\/gayaspa.com.br\/index.php\/wp-json\/wp\/v2\/media\/1391"}],"wp:attachment":[{"href":"https:\/\/gayaspa.com.br\/index.php\/wp-json\/wp\/v2\/media?parent=764"}],"wp:term":[{"taxonomy":"product_brand","embeddable":true,"href":"https:\/\/gayaspa.com.br\/index.php\/wp-json\/wp\/v2\/product_brand?post=764"},{"taxonomy":"product_cat","embeddable":true,"href":"https:\/\/gayaspa.com.br\/index.php\/wp-json\/wp\/v2\/product_cat?post=764"},{"taxonomy":"product_tag","embeddable":true,"href":"https:\/\/gayaspa.com.br\/index.php\/wp-json\/wp\/v2\/product_tag?post=764"}],"curies":[{"name":"wp","href":"https:\/\/api.w.org\/{rel}","templated":true}]}}