{"id":761,"date":"2024-06-14T11:15:59","date_gmt":"2024-06-14T14:15:59","guid":{"rendered":"https:\/\/gayaspa.com.br\/?post_type=product&#038;p=761"},"modified":"2025-11-30T21:20:23","modified_gmt":"2025-12-01T00:20:23","slug":"massagem-relaxante-facial","status":"publish","type":"product","link":"https:\/\/gayaspa.com.br\/index.php\/produto\/massagem-relaxante-facial\/","title":{"rendered":"Massagem Relaxante Facial"},"content":{"rendered":"<p>A massagem relaxante facial \u00e9 \u00f3tima alternativa para quem quer estabelecer uma rela\u00e7\u00e3o de carinho e autocuidado com o pr\u00f3prio corpo. Vers\u00e1til, a t\u00e9cnica, que oferece v\u00e1rios benef\u00edcios para a pele e a mente. A t\u00e9cnica estimula a circula\u00e7\u00e3o sangu\u00ednea do rosto, relaxa os m\u00fasculos, diminui o incha\u00e7o, deixa a apar\u00eancia mais tonificada e suaviza as linhas de express\u00e3o.<\/p>\n<h2>Benef\u00edcios da massagem facial<\/h2>\n<p>Ela beneficia o corpo como um todo. O papel da massagem \u00e9 reduzir essa tens\u00e3o muscular facial, dissolver os pontos de tens\u00e3o, melhorar o t\u00f4nus muscular e ativar a circula\u00e7\u00e3o e a oxigena\u00e7\u00e3o do rosto. Movimentos de deslizamento e d\u00edgito-press\u00e3o feitos na face, cabe\u00e7a e pesco\u00e7o deixam a pele com brilho e leveza, al\u00e9m de potencializar os tratamentos est\u00e9ticos.<\/p>\n<p>A pr\u00e1tica alivia o stress, diminui a ansiedade, acalma a mente, alivia as tens\u00f5es, ativa a circula\u00e7\u00e3o, auxilia na imunidade e melhora a qualidade do sono.<\/p>\n<p>Vamos deixar tudo mais leve com uma massagem facial relaxante?<\/p>\n","protected":false},"excerpt":{"rendered":"<p data-pm-slice=\"1 1 []\">Utilizando t\u00e9cnicas de massagem delicadas, trabalhamos em \u00e1reas espec\u00edficas do rosto para estimular a circula\u00e7\u00e3o sangu\u00ednea, melhorar a luminosidade da pele e proporcionar uma sensa\u00e7\u00e3o de relaxamento profundo. Esse \u00e9 um tratamento suave com o objetivo de relaxar<br \/>\nos m\u00fasculos faciais e aliviar a tens\u00e3o na parte do rosto.<\/p>\n","protected":false},"featured_media":957,"template":"","meta":[],"product_brand":[],"product_cat":[34],"product_tag":[],"class_list":{"0":"post-761","1":"product","2":"type-product","3":"status-publish","4":"has-post-thumbnail","6":"product_cat-relaxamento","8":"first","9":"instock","10":"sold-individually","11":"shipping-taxable","12":"product-type-external"},"jetpack_sharing_enabled":true,"_links":{"self":[{"href":"https:\/\/gayaspa.com.br\/index.php\/wp-json\/wp\/v2\/product\/761","targetHints":{"allow":["GET"]}}],"collection":[{"href":"https:\/\/gayaspa.com.br\/index.php\/wp-json\/wp\/v2\/product"}],"about":[{"href":"https:\/\/gayaspa.com.br\/index.php\/wp-json\/wp\/v2\/types\/product"}],"wp:featuredmedia":[{"embeddable":true,"href":"https:\/\/gayaspa.com.br\/index.php\/wp-json\/wp\/v2\/media\/957"}],"wp:attachment":[{"href":"https:\/\/gayaspa.com.br\/index.php\/wp-json\/wp\/v2\/media?parent=761"}],"wp:term":[{"taxonomy":"product_brand","embeddable":true,"href":"https:\/\/gayaspa.com.br\/index.php\/wp-json\/wp\/v2\/product_brand?post=761"},{"taxonomy":"product_cat","embeddable":true,"href":"https:\/\/gayaspa.com.br\/index.php\/wp-json\/wp\/v2\/product_cat?post=761"},{"taxonomy":"product_tag","embeddable":true,"href":"https:\/\/gayaspa.com.br\/index.php\/wp-json\/wp\/v2\/product_tag?post=761"}],"curies":[{"name":"wp","href":"https:\/\/api.w.org\/{rel}","templated":true}]}}