{"id":759,"date":"2024-06-14T11:08:19","date_gmt":"2024-06-14T14:08:19","guid":{"rendered":"https:\/\/gayaspa.com.br\/?post_type=product&#038;p=759"},"modified":"2025-11-30T21:20:31","modified_gmt":"2025-12-01T00:20:31","slug":"limpeza-de-pele","status":"publish","type":"product","link":"https:\/\/gayaspa.com.br\/index.php\/produto\/limpeza-de-pele\/","title":{"rendered":"Limpeza de pele"},"content":{"rendered":"<p>Limpeza de pele \u00e9 um tratamento est\u00e9tico que tem como objetivo remover cravos e outras impurezas da pele, deixando a regi\u00e3o do rosto mais limpa e saud\u00e1vel. Al\u00e9m disso, estimula o metabolismo celular, para melhorar ainda mais o aspecto da pele e o resultado do tratamento.<\/p>\n<h2>Para que serve a Limpeza de Pele<\/h2>\n<p>A limpeza de pele \u00e9 indicada para homens e mulheres que desejam remover cravos e outras impurezas da pele, que diariamente fica exposta a muita sujeira e polui\u00e7\u00e3o.<\/p>\n<p>A limpeza de pele pode ser feita em qualquer tipo de pele, em qualquer \u00e9poca do ano e n\u00e3o exige tempo de recupera\u00e7\u00e3o. Al\u00e9m de remover os cravos e as impurezas da pele, o tratamento tamb\u00e9m remove as c\u00e9lulas mortas, trata peles oleosas e secas e mantem a pele macia e saud\u00e1vel.<\/p>\n<p>Vamos marcar agora a sua limpeza de pele?<\/p>\n","protected":false},"excerpt":{"rendered":"<p data-pm-slice=\"1 1 []\">Quem n\u00e3o quer uma pele limpa e saud\u00e1vel? Removemos as impurezas, c\u00e9lulas mortas e excesso de oleosidade da pele, deixando-a purificada, fresca e rejuvenescida. O processo inclui a aplica\u00e7\u00e3o de produtos de limpeza suaves, vapor para abrir os poros, extra\u00e7\u00e3o de comed\u00f5es e aplica\u00e7\u00e3o de m\u00e1scaras hidratantes e calmantes. Indicado para todos os tipos de pele.<\/p>\n<p>&nbsp;<\/p>\n","protected":false},"featured_media":1396,"template":"","meta":[],"product_brand":[],"product_cat":[37],"product_tag":[],"class_list":{"0":"post-759","1":"product","2":"type-product","3":"status-publish","4":"has-post-thumbnail","6":"product_cat-tratamento","8":"first","9":"instock","10":"sold-individually","11":"shipping-taxable","12":"product-type-external"},"jetpack_sharing_enabled":true,"_links":{"self":[{"href":"https:\/\/gayaspa.com.br\/index.php\/wp-json\/wp\/v2\/product\/759","targetHints":{"allow":["GET"]}}],"collection":[{"href":"https:\/\/gayaspa.com.br\/index.php\/wp-json\/wp\/v2\/product"}],"about":[{"href":"https:\/\/gayaspa.com.br\/index.php\/wp-json\/wp\/v2\/types\/product"}],"wp:featuredmedia":[{"embeddable":true,"href":"https:\/\/gayaspa.com.br\/index.php\/wp-json\/wp\/v2\/media\/1396"}],"wp:attachment":[{"href":"https:\/\/gayaspa.com.br\/index.php\/wp-json\/wp\/v2\/media?parent=759"}],"wp:term":[{"taxonomy":"product_brand","embeddable":true,"href":"https:\/\/gayaspa.com.br\/index.php\/wp-json\/wp\/v2\/product_brand?post=759"},{"taxonomy":"product_cat","embeddable":true,"href":"https:\/\/gayaspa.com.br\/index.php\/wp-json\/wp\/v2\/product_cat?post=759"},{"taxonomy":"product_tag","embeddable":true,"href":"https:\/\/gayaspa.com.br\/index.php\/wp-json\/wp\/v2\/product_tag?post=759"}],"curies":[{"name":"wp","href":"https:\/\/api.w.org\/{rel}","templated":true}]}}