{"id":755,"date":"2024-06-13T21:34:49","date_gmt":"2024-06-14T00:34:49","guid":{"rendered":"https:\/\/gayaspa.com.br\/?post_type=product&#038;p=755"},"modified":"2025-11-30T21:20:38","modified_gmt":"2025-12-01T00:20:38","slug":"auriculoterapia","status":"publish","type":"product","link":"https:\/\/gayaspa.com.br\/index.php\/produto\/auriculoterapia\/","title":{"rendered":"Auriculoterapia"},"content":{"rendered":"<p>A terapia tem como foco o ouvido por conta da presen\u00e7a de nervos espinhais do plexo cervical e alguns ramos dos nervos vago e simp\u00e1tico, podendo ter efeito na modula\u00e7\u00e3o do sistema nervoso central. Assim, quando estimulamos essas inerva\u00e7\u00f5es, podemos ter uma pequena estimula\u00e7\u00e3o do sistema nervoso com efeitos biol\u00f3gicos, como relaxamento e analgesia.<\/p>\n<p>A auriculoterapia \u00e9 recomendada para al\u00edvio de dores e para sintomas f\u00edsicos e emocionais, atuando como coadjuvante no tratamento de diversas doen\u00e7as e condi\u00e7\u00f5es cl\u00ednicas.<\/p>\n<p>As principais indica\u00e7\u00f5es da terapia s\u00e3o:<\/p>\n<p>-Dores agudas e cr\u00f4nicas;<br \/>\n-Enxaqueca;<br \/>\n-Ins\u00f4nia;<br \/>\n-Transtornos emocionais, como ansiedade e depress\u00e3o;<br \/>\n-V\u00edcios, incluindo tabagismo;<br \/>\n-Dist\u00farbios funcionais digestivos;<br \/>\n-Compuls\u00e3o alimentar;<br \/>\n-Reten\u00e7\u00e3o de l\u00edquido;<br \/>\n-Patologias funcionais urogenitais;<br \/>\n-Alergias, especialmente as respirat\u00f3rias;<br \/>\n-Problemas motores.<\/p>\n<p data-pm-slice=\"1 1 []\">Que tal agendar uma sess\u00e3o hoje conosco?<\/p>\n<p>&nbsp;<\/p>\n","protected":false},"excerpt":{"rendered":"<p data-pm-slice=\"1 1 []\">J\u00e1 ouviu falar nesse tratamento? \u00c9 uma t\u00e9cnica de acupuntura que se concentra na estimula\u00e7\u00e3o de pontos espec\u00edficos na orelha externa para tratar uma variedade de condi\u00e7\u00f5es f\u00edsicas e emocionais. Estes pontos est\u00e3o relacionados com \u00f3rg\u00e3os e sistemas do corpo, e a estimula\u00e7\u00e3o deles ajuda a aliviar a dor, reduzir o estresse, melhorar o sono e no equil\u00edbrio energ\u00e9tico do corpo.<\/p>\n","protected":false},"featured_media":883,"template":"","meta":[],"product_brand":[],"product_cat":[36],"product_tag":[],"class_list":{"0":"post-755","1":"product","2":"type-product","3":"status-publish","4":"has-post-thumbnail","6":"product_cat-bem-estar","8":"first","9":"instock","10":"sold-individually","11":"shipping-taxable","12":"product-type-external"},"jetpack_sharing_enabled":true,"_links":{"self":[{"href":"https:\/\/gayaspa.com.br\/index.php\/wp-json\/wp\/v2\/product\/755","targetHints":{"allow":["GET"]}}],"collection":[{"href":"https:\/\/gayaspa.com.br\/index.php\/wp-json\/wp\/v2\/product"}],"about":[{"href":"https:\/\/gayaspa.com.br\/index.php\/wp-json\/wp\/v2\/types\/product"}],"wp:featuredmedia":[{"embeddable":true,"href":"https:\/\/gayaspa.com.br\/index.php\/wp-json\/wp\/v2\/media\/883"}],"wp:attachment":[{"href":"https:\/\/gayaspa.com.br\/index.php\/wp-json\/wp\/v2\/media?parent=755"}],"wp:term":[{"taxonomy":"product_brand","embeddable":true,"href":"https:\/\/gayaspa.com.br\/index.php\/wp-json\/wp\/v2\/product_brand?post=755"},{"taxonomy":"product_cat","embeddable":true,"href":"https:\/\/gayaspa.com.br\/index.php\/wp-json\/wp\/v2\/product_cat?post=755"},{"taxonomy":"product_tag","embeddable":true,"href":"https:\/\/gayaspa.com.br\/index.php\/wp-json\/wp\/v2\/product_tag?post=755"}],"curies":[{"name":"wp","href":"https:\/\/api.w.org\/{rel}","templated":true}]}}