{"id":753,"date":"2024-06-13T20:38:06","date_gmt":"2024-06-13T23:38:06","guid":{"rendered":"https:\/\/gayaspa.com.br\/?post_type=product&#038;p=753"},"modified":"2025-11-30T21:20:46","modified_gmt":"2025-12-01T00:20:46","slug":"ventosaterapia","status":"publish","type":"product","link":"https:\/\/gayaspa.com.br\/index.php\/produto\/ventosaterapia\/","title":{"rendered":"Ventosaterapia"},"content":{"rendered":"<p>As ventosas criam um v\u00e1cuo que suga a pele, dilata os vasos sangu\u00edneos e aumenta a oxigena\u00e7\u00e3o dos tecidos, que permitem a libera\u00e7\u00e3o das toxinas existentes no sangue e nos m\u00fasculos com mais facilidade.<\/p>\n<p>A pr\u00e1tica promove relaxamento corporal, mental e ainda ajuda a desintoxicar o nosso organismo, reduzir dores e desconfortos, e at\u00e9 mesmo auxilia com o desalinhamento de energias negativas, sendo recomendada por uma grande variedade de profissionais.<\/p>\n<p>CONTRAINDICA\u00c7\u00d5ES<br \/>\nApesar de serem um \u00f3timo tratamento, as ventosas n\u00e3o podem ser usadas por qualquer pessoa. As pessoas pertencentes aos seguintes grupos n\u00e3o devem fazer ventosaterapia:<\/p>\n<p>-Casos de trombose, tromboflebite ou dist\u00farbios hemorr\u00e1gicos;<br \/>\n-Varizes;<br \/>\n-Febre;<br \/>\n-Fratura no local;<br \/>\n-Gr\u00e1vidas;<br \/>\n-Press\u00e3o alta;<br \/>\n-Peles com acne, dermatite, ros\u00e1cea, psor\u00edase, vitiligo, herpes ou qualquer outro tipo de les\u00e3o.<\/p>\n<p>Que tal agendar uma sess\u00e3o hoje conosco?<\/p>\n","protected":false},"excerpt":{"rendered":"<p data-pm-slice=\"1 1 []\">Uma t\u00e9cnica antiga, mas que n\u00e3o sai de moda. Aplicamos alguns copos de vidro ou silicone na pele, criando um v\u00e1cuo para estimular o fluxo sangu\u00edneo e a circula\u00e7\u00e3o de energia no corpo. Essa t\u00e9cnica \u00e9 \u00f3tima para al\u00edvio da dor, redu\u00e7\u00e3o da inflama\u00e7\u00e3o, relaxamento muscular e melhora da circula\u00e7\u00e3o. Pode deixar marcas tempor\u00e1rias na pele, mas oferece al\u00edvio imediato e uma sensa\u00e7\u00e3o de bem-estar.<\/p>\n","protected":false},"featured_media":1403,"template":"","meta":[],"product_brand":[],"product_cat":[34],"product_tag":[],"class_list":{"0":"post-753","1":"product","2":"type-product","3":"status-publish","4":"has-post-thumbnail","6":"product_cat-relaxamento","8":"first","9":"instock","10":"sold-individually","11":"shipping-taxable","12":"product-type-external"},"jetpack_sharing_enabled":true,"_links":{"self":[{"href":"https:\/\/gayaspa.com.br\/index.php\/wp-json\/wp\/v2\/product\/753","targetHints":{"allow":["GET"]}}],"collection":[{"href":"https:\/\/gayaspa.com.br\/index.php\/wp-json\/wp\/v2\/product"}],"about":[{"href":"https:\/\/gayaspa.com.br\/index.php\/wp-json\/wp\/v2\/types\/product"}],"wp:featuredmedia":[{"embeddable":true,"href":"https:\/\/gayaspa.com.br\/index.php\/wp-json\/wp\/v2\/media\/1403"}],"wp:attachment":[{"href":"https:\/\/gayaspa.com.br\/index.php\/wp-json\/wp\/v2\/media?parent=753"}],"wp:term":[{"taxonomy":"product_brand","embeddable":true,"href":"https:\/\/gayaspa.com.br\/index.php\/wp-json\/wp\/v2\/product_brand?post=753"},{"taxonomy":"product_cat","embeddable":true,"href":"https:\/\/gayaspa.com.br\/index.php\/wp-json\/wp\/v2\/product_cat?post=753"},{"taxonomy":"product_tag","embeddable":true,"href":"https:\/\/gayaspa.com.br\/index.php\/wp-json\/wp\/v2\/product_tag?post=753"}],"curies":[{"name":"wp","href":"https:\/\/api.w.org\/{rel}","templated":true}]}}