{"id":738,"date":"2024-06-12T18:51:59","date_gmt":"2024-06-12T21:51:59","guid":{"rendered":"https:\/\/gayaspa.com.br\/?post_type=product&#038;p=738"},"modified":"2025-11-30T21:20:53","modified_gmt":"2025-12-01T00:20:53","slug":"massagem-relaxante-classica","status":"publish","type":"product","link":"https:\/\/gayaspa.com.br\/index.php\/produto\/massagem-relaxante-classica\/","title":{"rendered":"Massagem Relaxante Cl\u00e1ssica"},"content":{"rendered":"<p>A Massagem Relaxante Cl\u00e1ssica \u00e9 uma das modalidades de Massagens Relaxantes do SPA Gaya.<\/p>\n<p>\u00c9 uma t\u00e9cnica de massagem que envolve diversas manobras de compress\u00e3o distribu\u00eddas em v\u00e1rias partes do corpo. Essas manobras s\u00e3o aplicadas de forma met\u00f3dica e r\u00edtmica, em sentido da circula\u00e7\u00e3o, visando expulsar o \u00e1cido l\u00e1tico dos tecidos musculares, promovendo al\u00edvio das dores e tens\u00f5es.<\/p>\n<h2>Indica\u00e7\u00f5es e Efeitos<\/h2>\n<p>A Massagem Cl\u00e1ssica \u00e9 especialmente indicada para o relaxamento muscular, redu\u00e7\u00e3o do estresse e alongamento dos m\u00fasculos.<\/p>\n<p>E promove ainda:<\/p>\n<p>-Aumento da circula\u00e7\u00e3o sangu\u00ednea e linf\u00e1tica (acelera\u00e7\u00e3o dos processos metab\u00f3licos e elimina\u00e7\u00e3o de toxinas)<br \/>\n-Melhora da vasculariza\u00e7\u00e3o perif\u00e9rica (melhora o transporte de nutrientes necess\u00e1rios para o crescimento dos m\u00fasculos)<br \/>\n-Melhora da mobilidade articular<br \/>\n-Contribui para a estimula\u00e7\u00e3o da Imunidade.<\/p>\n","protected":false},"excerpt":{"rendered":"<p>Quem n\u00e3o gosta de uma massagem, n\u00e3o \u00e9 mesmo?! Uma experi\u00eancia voltada para o al\u00edvio do estresse, relaxamento dos m\u00fasculos e restaura\u00e7\u00e3o do equil\u00edbrio corpo-mente. Aconselhamos essa massagem para quem deseja aliviar a tens\u00e3o muscular, reduzir a ansiedade e promover uma sensa\u00e7\u00e3o profunda de relaxamento.<\/p>\n","protected":false},"featured_media":1399,"template":"","meta":[],"product_brand":[],"product_cat":[34],"product_tag":[],"class_list":{"0":"post-738","1":"product","2":"type-product","3":"status-publish","4":"has-post-thumbnail","6":"product_cat-relaxamento","8":"first","9":"instock","10":"sold-individually","11":"shipping-taxable","12":"product-type-external"},"jetpack_sharing_enabled":true,"_links":{"self":[{"href":"https:\/\/gayaspa.com.br\/index.php\/wp-json\/wp\/v2\/product\/738","targetHints":{"allow":["GET"]}}],"collection":[{"href":"https:\/\/gayaspa.com.br\/index.php\/wp-json\/wp\/v2\/product"}],"about":[{"href":"https:\/\/gayaspa.com.br\/index.php\/wp-json\/wp\/v2\/types\/product"}],"wp:featuredmedia":[{"embeddable":true,"href":"https:\/\/gayaspa.com.br\/index.php\/wp-json\/wp\/v2\/media\/1399"}],"wp:attachment":[{"href":"https:\/\/gayaspa.com.br\/index.php\/wp-json\/wp\/v2\/media?parent=738"}],"wp:term":[{"taxonomy":"product_brand","embeddable":true,"href":"https:\/\/gayaspa.com.br\/index.php\/wp-json\/wp\/v2\/product_brand?post=738"},{"taxonomy":"product_cat","embeddable":true,"href":"https:\/\/gayaspa.com.br\/index.php\/wp-json\/wp\/v2\/product_cat?post=738"},{"taxonomy":"product_tag","embeddable":true,"href":"https:\/\/gayaspa.com.br\/index.php\/wp-json\/wp\/v2\/product_tag?post=738"}],"curies":[{"name":"wp","href":"https:\/\/api.w.org\/{rel}","templated":true}]}}