{"id":736,"date":"2024-06-12T18:49:29","date_gmt":"2024-06-12T21:49:29","guid":{"rendered":"https:\/\/gayaspa.com.br\/?post_type=product&#038;p=736"},"modified":"2025-11-30T21:21:08","modified_gmt":"2025-12-01T00:21:08","slug":"massagem-modeladora","status":"publish","type":"product","link":"https:\/\/gayaspa.com.br\/index.php\/produto\/massagem-modeladora\/","title":{"rendered":"Massagem Modeladora"},"content":{"rendered":"<p>A massagem modeladora \u00e9 uma massagem feita com movimentos mais fortes e profundos, com o intuito de atingir camadas mais profundas da pele. A massagem atua na circula\u00e7\u00e3o, melhorando o metabolismo da regi\u00e3o. Geralmente ela \u00e9 feita em \u00e1reas com grande ac\u00famulo de gordura, como: abd\u00f4men, quadris, culote, gl\u00fateos, coxas e \u00e0s vezes nos bra\u00e7os.<\/p>\n<p>Contraindica\u00e7\u00f5es<\/p>\n<p>-Pessoas com cardiopatias ou hipertens\u00e3o s\u00e3o contraindicadas, pois a massagem promove uma vasodilata\u00e7\u00e3o e isso pode aumentar a press\u00e3o arterial sist\u00eamica.<\/p>\n<p>-Pessoas com febre tamb\u00e9m devem evitar, pois o procedimento eleva ainda mais a temperatura. Quem tem osteoporose pode sofrer fraturas ou micro fraturas por causa da fragilidade \u00f3ssea.<\/p>\n<p>-Varizes e fragilidade capilar tamb\u00e9m s\u00e3o contra indicadas pelos movimentos vigorosos que podem romper os vasinhos (que causar\u00e1 hematomas) e em casos mais graves de varizes, um vaso mais calibroso pode ser prejudicado.<\/p>\n<p>-Gestantes tamb\u00e9m s\u00e3o contraindicadas para essa massagem.Por ter movimentos mais fortes e vigorosos, pode prejudicar gestantes, causando at\u00e9 mesmo contra\u00e7\u00f5es precoces ou abortos.<\/p>\n<p data-pm-slice=\"1 1 []\">Que tal agendar uma sess\u00e3o hoje conosco?<\/p>\n","protected":false},"excerpt":{"rendered":"<p>Nesse procedimento, combinamos movimentos firmes com o uso de cremes espec\u00edficos para reduzir circunfer\u00eancia, e ativar a circula\u00e7\u00e3o sangu\u00ednea, tonificando os tecidos. Perfeita para quem busca remodelar o corpo, reduzir medidas e melhorar a textura da pele.<\/p>\n","protected":false},"featured_media":1405,"template":"","meta":[],"product_brand":[],"product_cat":[34,37],"product_tag":[],"class_list":{"0":"post-736","1":"product","2":"type-product","3":"status-publish","4":"has-post-thumbnail","6":"product_cat-relaxamento","7":"product_cat-tratamento","9":"first","10":"instock","11":"sold-individually","12":"shipping-taxable","13":"product-type-external"},"jetpack_sharing_enabled":true,"_links":{"self":[{"href":"https:\/\/gayaspa.com.br\/index.php\/wp-json\/wp\/v2\/product\/736","targetHints":{"allow":["GET"]}}],"collection":[{"href":"https:\/\/gayaspa.com.br\/index.php\/wp-json\/wp\/v2\/product"}],"about":[{"href":"https:\/\/gayaspa.com.br\/index.php\/wp-json\/wp\/v2\/types\/product"}],"wp:featuredmedia":[{"embeddable":true,"href":"https:\/\/gayaspa.com.br\/index.php\/wp-json\/wp\/v2\/media\/1405"}],"wp:attachment":[{"href":"https:\/\/gayaspa.com.br\/index.php\/wp-json\/wp\/v2\/media?parent=736"}],"wp:term":[{"taxonomy":"product_brand","embeddable":true,"href":"https:\/\/gayaspa.com.br\/index.php\/wp-json\/wp\/v2\/product_brand?post=736"},{"taxonomy":"product_cat","embeddable":true,"href":"https:\/\/gayaspa.com.br\/index.php\/wp-json\/wp\/v2\/product_cat?post=736"},{"taxonomy":"product_tag","embeddable":true,"href":"https:\/\/gayaspa.com.br\/index.php\/wp-json\/wp\/v2\/product_tag?post=736"}],"curies":[{"name":"wp","href":"https:\/\/api.w.org\/{rel}","templated":true}]}}