{"id":658,"date":"2024-06-12T12:00:42","date_gmt":"2024-06-12T15:00:42","guid":{"rendered":"https:\/\/gayaspa.com.br\/?post_type=product&#038;p=658"},"modified":"2025-11-30T21:21:18","modified_gmt":"2025-12-01T00:21:18","slug":"teste","status":"publish","type":"product","link":"https:\/\/gayaspa.com.br\/index.php\/produto\/teste\/","title":{"rendered":"Drenagem Linf\u00e1tica"},"content":{"rendered":"<p>A drenagem linf\u00e1tica \u00e9 uma t\u00e9cnica de massagem que \u00e9 feita, normalmente, no corpo para eliminar o incha\u00e7o e a reten\u00e7\u00e3o de l\u00edquidos, j\u00e1 que \u00e9<\/p>\n<p>uma t\u00e9cnica de massagem que estimula o sistema linf\u00e1tico do corpo a funcionar de forma mais r\u00e1pida. Este sistema, muitas vezes negligenciado, desempenha um papel crucial na manuten\u00e7\u00e3o da sa\u00fade geral do nosso corpo, incluindo a sa\u00fade da pele.<\/p>\n<p>O sistema linf\u00e1tico \u00e9 uma rede complexa de vasos e n\u00f3dulos espalhados por todo o corpo que transportam um fluido chamado linfa. A linfa ajuda a remover toxinas, res\u00edduos e outras subst\u00e2ncias indesej\u00e1veis do corpo.<\/p>\n<p>Quem pode fazer a drenagem linf\u00e1tica?<\/p>\n<p>A drenagem linf\u00e1tica \u00e9 geralmente segura para a maioria das pessoas e pode ser uma adi\u00e7\u00e3o ben\u00e9fica \u00e0 rotina de cuidados com a pele.<\/p>\n<p data-pm-slice=\"1 1 []\">Que tal agendar uma sess\u00e3o hoje conosco?<\/p>\n","protected":false},"excerpt":{"rendered":"<p>Uma t\u00e9cnica suave e terap\u00eautica projetada para estimular o sistema linf\u00e1tico, favorece a elimina\u00e7\u00e3o das toxinas, diminui o incha\u00e7o, e celulite. Utilizamos movimentos delicados e r\u00edtmicos para melhorar a circula\u00e7\u00e3o, promover uma sensa\u00e7\u00e3o de leveza e bem-estar. Ideal para quem busca al\u00edvio e deseja revitalizar o corpo.<\/p>\n","protected":false},"featured_media":1393,"template":"","meta":[],"product_brand":[],"product_cat":[36,37],"product_tag":[],"class_list":{"0":"post-658","1":"product","2":"type-product","3":"status-publish","4":"has-post-thumbnail","6":"product_cat-bem-estar","7":"product_cat-tratamento","9":"first","10":"instock","11":"sold-individually","12":"shipping-taxable","13":"product-type-external"},"jetpack_sharing_enabled":true,"_links":{"self":[{"href":"https:\/\/gayaspa.com.br\/index.php\/wp-json\/wp\/v2\/product\/658","targetHints":{"allow":["GET"]}}],"collection":[{"href":"https:\/\/gayaspa.com.br\/index.php\/wp-json\/wp\/v2\/product"}],"about":[{"href":"https:\/\/gayaspa.com.br\/index.php\/wp-json\/wp\/v2\/types\/product"}],"wp:featuredmedia":[{"embeddable":true,"href":"https:\/\/gayaspa.com.br\/index.php\/wp-json\/wp\/v2\/media\/1393"}],"wp:attachment":[{"href":"https:\/\/gayaspa.com.br\/index.php\/wp-json\/wp\/v2\/media?parent=658"}],"wp:term":[{"taxonomy":"product_brand","embeddable":true,"href":"https:\/\/gayaspa.com.br\/index.php\/wp-json\/wp\/v2\/product_brand?post=658"},{"taxonomy":"product_cat","embeddable":true,"href":"https:\/\/gayaspa.com.br\/index.php\/wp-json\/wp\/v2\/product_cat?post=658"},{"taxonomy":"product_tag","embeddable":true,"href":"https:\/\/gayaspa.com.br\/index.php\/wp-json\/wp\/v2\/product_tag?post=658"}],"curies":[{"name":"wp","href":"https:\/\/api.w.org\/{rel}","templated":true}]}}