{"id":1421,"date":"2025-11-30T11:09:56","date_gmt":"2025-11-30T14:09:56","guid":{"rendered":"https:\/\/gayaspa.com.br\/?post_type=product&#038;p=1421"},"modified":"2025-11-30T21:12:57","modified_gmt":"2025-12-01T00:12:57","slug":"shiatsu-corporal","status":"publish","type":"product","link":"https:\/\/gayaspa.com.br\/index.php\/produto\/shiatsu-corporal\/","title":{"rendered":"Shiatsu Corporal"},"content":{"rendered":"<p data-start=\"211\" data-end=\"352\">Voc\u00ea sabe o que \u00e9 o shiatsu corporal? J\u00e1 ouviu falar nesta t\u00e9cnica terap\u00eautica tradicional que trabalha o corpo atrav\u00e9s da press\u00e3o dos dedos?<\/p>\n<p data-start=\"354\" data-end=\"693\">O shiatsu corporal \u00e9 um procedimento de origem japonesa que utiliza press\u00e3o com os dedos, m\u00e3os e cotovelos em pontos espec\u00edficos do corpo para equilibrar a energia vital, aliviar dores e relaxar profundamente.<br data-start=\"563\" data-end=\"566\" \/>No GAYA SPA, essa t\u00e9cnica \u00e9 aplicada com movimentos precisos que promovem bem-estar e restauram a harmonia entre corpo e mente.<\/p>\n<p data-start=\"695\" data-end=\"906\">A press\u00e3o realizada nas chamadas \u201clinhas energ\u00e9ticas\u201d ajuda a liberar tens\u00f5es acumuladas, melhorar a circula\u00e7\u00e3o e reduzir o estresse, sendo ideal para quem busca relaxamento terap\u00eautico e revitaliza\u00e7\u00e3o corporal.<\/p>\n<p data-start=\"908\" data-end=\"952\"><strong data-start=\"908\" data-end=\"952\">Para quem o shiatsu corporal \u00e9 indicado?<\/strong><\/p>\n<p data-start=\"954\" data-end=\"1001\">O shiatsu corporal \u00e9 recomendado em casos como:<\/p>\n<ul data-start=\"1003\" data-end=\"1172\">\n<li data-start=\"1003\" data-end=\"1032\">\n<p data-start=\"1005\" data-end=\"1032\">Estresse f\u00edsico e mental;<\/p>\n<\/li>\n<li data-start=\"1033\" data-end=\"1076\">\n<p data-start=\"1035\" data-end=\"1076\">Dores musculares e tens\u00f5es localizadas;<\/p>\n<\/li>\n<li data-start=\"1077\" data-end=\"1118\">\n<p data-start=\"1079\" data-end=\"1118\">Ansiedade e dificuldade para relaxar;<\/p>\n<\/li>\n<li data-start=\"1119\" data-end=\"1139\">\n<p data-start=\"1121\" data-end=\"1139\">Cansa\u00e7o extremo;<\/p>\n<\/li>\n<li data-start=\"1140\" data-end=\"1172\">\n<p data-start=\"1142\" data-end=\"1172\">Rigidez corporal e m\u00e1 postura.<\/p>\n<\/li>\n<\/ul>\n<p data-start=\"1174\" data-end=\"1398\">\u00c9 importante ressaltar que este procedimento \u00e9 <strong data-start=\"1221\" data-end=\"1237\">n\u00e3o invasivo<\/strong> e trabalha o corpo de forma natural e profunda, sendo uma alternativa terap\u00eautica eficaz para quem deseja al\u00edvio das tens\u00f5es sem o uso de aparelhos ou produtos.<\/p>\n<p data-start=\"1400\" data-end=\"1606\">Por\u00e9m, vale lembrar que por atuar na energia corporal, os resultados podem variar de acordo com a sensibilidade e o n\u00edvel de tens\u00e3o de cada pessoa \u2014 sess\u00f5es regulares potencializam ainda mais os benef\u00edcios.<\/p>\n","protected":false},"excerpt":{"rendered":"<article class=\"text-token-text-primary w-full focus:outline-none [--shadow-height:45px] has-data-writing-block:pointer-events-none has-data-writing-block:-mt-(--shadow-height) has-data-writing-block:pt-(--shadow-height) [&amp;:has([data-writing-block])&gt;*]:pointer-events-auto scroll-mt-[calc(var(--header-height)+min(200px,max(70px,20svh)))]\" dir=\"auto\" tabindex=\"-1\" data-turn-id=\"request-WEB:76a6972b-7769-4c56-9f78-0fbbf68bcdae-7\" data-testid=\"conversation-turn-16\" data-scroll-anchor=\"true\" data-turn=\"assistant\">\n<div class=\"text-base my-auto mx-auto pb-10 [--thread-content-margin:--spacing(4)] thread-sm:[--thread-content-margin:--spacing(6)] thread-lg:[--thread-content-margin:--spacing(16)] px-(--thread-content-margin)\">\n<div class=\"[--thread-content-max-width:40rem] thread-lg:[--thread-content-max-width:48rem] mx-auto max-w-(--thread-content-max-width) flex-1 group\/turn-messages focus-visible:outline-hidden relative flex w-full min-w-0 flex-col agent-turn\" tabindex=\"-1\">\n<div class=\"flex max-w-full flex-col grow\">\n<div class=\"min-h-8 text-message relative flex w-full flex-col items-end gap-2 text-start break-words whitespace-normal [.text-message+&amp;]:mt-1\" dir=\"auto\" data-message-author-role=\"assistant\" data-message-id=\"8eea24d8-b049-43f4-a08a-ec37f01b519c\" data-message-model-slug=\"gpt-5-1\">\n<div class=\"flex w-full flex-col gap-1 empty:hidden first:pt-[1px]\">\n<div class=\"markdown prose dark:prose-invert w-full break-words dark markdown-new-styling\">\n<p data-start=\"60\" data-end=\"312\" data-is-last-node=\"\" data-is-only-node=\"\"><strong data-start=\"1655\" data-end=\"1686\">Shiatsu Corporal \u2014 GAYA SPA<\/strong><br data-start=\"1686\" data-end=\"1689\" \/>O shiatsu corporal utiliza press\u00e3o em pontos energ\u00e9ticos para aliviar dores, reduzir o estresse e restaurar o equil\u00edbrio do corpo. Uma t\u00e9cnica japonesa profunda, ideal para quem busca relaxamento terap\u00eautico e bem-estar imediato.<\/p>\n<\/div>\n<\/div>\n<\/div>\n<\/div>\n<div class=\"z-0 flex min-h-[46px] justify-start\"><\/div>\n<div class=\"mt-3 w-full empty:hidden\">\n<div class=\"text-center\"><\/div>\n<\/div>\n<\/div>\n<\/div>\n<\/article>\n<div class=\"pointer-events-none h-px w-px\" aria-hidden=\"true\" data-edge=\"true\"><\/div>\n","protected":false},"featured_media":1422,"template":"","meta":[],"product_brand":[],"product_cat":[36,34],"product_tag":[],"class_list":{"0":"post-1421","1":"product","2":"type-product","3":"status-publish","4":"has-post-thumbnail","6":"product_cat-bem-estar","7":"product_cat-relaxamento","9":"first","10":"instock","11":"sold-individually","12":"shipping-taxable","13":"product-type-external"},"jetpack_sharing_enabled":true,"_links":{"self":[{"href":"https:\/\/gayaspa.com.br\/index.php\/wp-json\/wp\/v2\/product\/1421","targetHints":{"allow":["GET"]}}],"collection":[{"href":"https:\/\/gayaspa.com.br\/index.php\/wp-json\/wp\/v2\/product"}],"about":[{"href":"https:\/\/gayaspa.com.br\/index.php\/wp-json\/wp\/v2\/types\/product"}],"wp:featuredmedia":[{"embeddable":true,"href":"https:\/\/gayaspa.com.br\/index.php\/wp-json\/wp\/v2\/media\/1422"}],"wp:attachment":[{"href":"https:\/\/gayaspa.com.br\/index.php\/wp-json\/wp\/v2\/media?parent=1421"}],"wp:term":[{"taxonomy":"product_brand","embeddable":true,"href":"https:\/\/gayaspa.com.br\/index.php\/wp-json\/wp\/v2\/product_brand?post=1421"},{"taxonomy":"product_cat","embeddable":true,"href":"https:\/\/gayaspa.com.br\/index.php\/wp-json\/wp\/v2\/product_cat?post=1421"},{"taxonomy":"product_tag","embeddable":true,"href":"https:\/\/gayaspa.com.br\/index.php\/wp-json\/wp\/v2\/product_tag?post=1421"}],"curies":[{"name":"wp","href":"https:\/\/api.w.org\/{rel}","templated":true}]}}