{"id":1419,"date":"2025-11-30T11:08:03","date_gmt":"2025-11-30T14:08:03","guid":{"rendered":"https:\/\/gayaspa.com.br\/?post_type=product&#038;p=1419"},"modified":"2025-11-30T21:14:08","modified_gmt":"2025-12-01T00:14:08","slug":"reflexologia-podal","status":"publish","type":"product","link":"https:\/\/gayaspa.com.br\/index.php\/produto\/reflexologia-podal\/","title":{"rendered":"Reflexologia Podal"},"content":{"rendered":"<p data-start=\"138\" data-end=\"286\">Voc\u00ea sabe o que \u00e9 reflexologia podal? J\u00e1 ouviu falar neste procedimento terap\u00eautico que trabalha pontos espec\u00edficos dos p\u00e9s para equilibrar o corpo?<\/p>\n<p data-start=\"288\" data-end=\"604\">A reflexologia podal \u00e9 uma t\u00e9cnica que aplica press\u00e3o em zonas reflexas dos p\u00e9s, que correspondem a \u00f3rg\u00e3os e sistemas do corpo.<br data-start=\"415\" data-end=\"418\" \/>No GAYA SPA, esse procedimento \u00e9 realizado com manobras precisas que estimulam o fluxo energ\u00e9tico, promovem relaxamento profundo e ajudam a aliviar diversas tens\u00f5es f\u00edsicas e emocionais.<\/p>\n<p data-start=\"606\" data-end=\"779\">Essa t\u00e9cnica melhora a circula\u00e7\u00e3o, reduz o estresse e contribui para o equil\u00edbrio geral do organismo, sendo ideal para quem busca bem-estar e al\u00edvio natural de desconfortos.<\/p>\n<p data-start=\"781\" data-end=\"827\"><strong data-start=\"781\" data-end=\"827\">Para quem a reflexologia podal \u00e9 indicada?<\/strong><\/p>\n<p data-start=\"829\" data-end=\"906\">A reflexologia podal \u00e9 recomendada quando se apresentam as seguintes queixas:<\/p>\n<ul data-start=\"908\" data-end=\"1082\">\n<li data-start=\"908\" data-end=\"933\">\n<p data-start=\"910\" data-end=\"933\">Estresse e ansiedade;<\/p>\n<\/li>\n<li data-start=\"934\" data-end=\"967\">\n<p data-start=\"936\" data-end=\"967\">Dores de cabe\u00e7a e enxaquecas;<\/p>\n<\/li>\n<li data-start=\"968\" data-end=\"1008\">\n<p data-start=\"970\" data-end=\"1008\">Ins\u00f4nia ou dificuldade para relaxar;<\/p>\n<\/li>\n<li data-start=\"1009\" data-end=\"1034\">\n<p data-start=\"1011\" data-end=\"1034\">Problemas digestivos;<\/p>\n<\/li>\n<li data-start=\"1035\" data-end=\"1082\">\n<p data-start=\"1037\" data-end=\"1082\">Cansa\u00e7o excessivo e sensa\u00e7\u00e3o de peso nos p\u00e9s.<\/p>\n<\/li>\n<\/ul>\n<p data-start=\"1084\" data-end=\"1278\">\u00c9 importante ressaltar que este procedimento \u00e9 <strong data-start=\"1131\" data-end=\"1147\">n\u00e3o invasivo<\/strong>, relaxante e completamente natural, sendo uma alternativa terap\u00eautica para promover equil\u00edbrio f\u00edsico e emocional sem desconforto.<\/p>\n<p data-start=\"1280\" data-end=\"1469\">Por\u00e9m, vale lembrar que os resultados podem variar de acordo com a sensibilidade e necessidade de cada pessoa \u2014 quanto maior a regularidade das sess\u00f5es, mais percept\u00edveis s\u00e3o os benef\u00edcios.<\/p>\n","protected":false},"excerpt":{"rendered":"<article class=\"text-token-text-primary w-full focus:outline-none [--shadow-height:45px] has-data-writing-block:pointer-events-none has-data-writing-block:-mt-(--shadow-height) has-data-writing-block:pt-(--shadow-height) [&amp;:has([data-writing-block])&gt;*]:pointer-events-auto scroll-mt-[calc(var(--header-height)+min(200px,max(70px,20svh)))]\" dir=\"auto\" tabindex=\"-1\" data-turn-id=\"request-WEB:76a6972b-7769-4c56-9f78-0fbbf68bcdae-7\" data-testid=\"conversation-turn-16\" data-scroll-anchor=\"true\" data-turn=\"assistant\">\n<div class=\"text-base my-auto mx-auto pb-10 [--thread-content-margin:--spacing(4)] thread-sm:[--thread-content-margin:--spacing(6)] thread-lg:[--thread-content-margin:--spacing(16)] px-(--thread-content-margin)\">\n<div class=\"[--thread-content-max-width:40rem] thread-lg:[--thread-content-max-width:48rem] mx-auto max-w-(--thread-content-max-width) flex-1 group\/turn-messages focus-visible:outline-hidden relative flex w-full min-w-0 flex-col agent-turn\" tabindex=\"-1\">\n<div class=\"flex max-w-full flex-col grow\">\n<div class=\"min-h-8 text-message relative flex w-full flex-col items-end gap-2 text-start break-words whitespace-normal [.text-message+&amp;]:mt-1\" dir=\"auto\" data-message-author-role=\"assistant\" data-message-id=\"8eea24d8-b049-43f4-a08a-ec37f01b519c\" data-message-model-slug=\"gpt-5-1\">\n<div class=\"flex w-full flex-col gap-1 empty:hidden first:pt-[1px]\">\n<div class=\"markdown prose dark:prose-invert w-full break-words dark markdown-new-styling\">\n<p data-start=\"60\" data-end=\"312\" data-is-last-node=\"\" data-is-only-node=\"\"><strong data-start=\"60\" data-end=\"93\">Reflexologia Podal \u2014 GAYA SPA<\/strong><br data-start=\"93\" data-end=\"96\" \/>A reflexologia podal estimula pontos espec\u00edficos dos p\u00e9s para equilibrar o corpo, aliviar tens\u00f5es e promover bem-estar profundo. Ideal para reduzir estresse, melhorar a circula\u00e7\u00e3o e proporcionar relaxamento imediato.<\/p>\n<\/div>\n<\/div>\n<\/div>\n<\/div>\n<div class=\"z-0 flex min-h-[46px] justify-start\"><\/div>\n<div class=\"mt-3 w-full empty:hidden\">\n<div class=\"text-center\"><\/div>\n<\/div>\n<\/div>\n<\/div>\n<\/article>\n<div class=\"pointer-events-none h-px w-px\" aria-hidden=\"true\" data-edge=\"true\"><\/div>\n","protected":false},"featured_media":1420,"template":"","meta":[],"product_brand":[],"product_cat":[36,37],"product_tag":[],"class_list":{"0":"post-1419","1":"product","2":"type-product","3":"status-publish","4":"has-post-thumbnail","6":"product_cat-bem-estar","7":"product_cat-tratamento","9":"first","10":"instock","11":"sold-individually","12":"shipping-taxable","13":"product-type-external"},"jetpack_sharing_enabled":true,"_links":{"self":[{"href":"https:\/\/gayaspa.com.br\/index.php\/wp-json\/wp\/v2\/product\/1419","targetHints":{"allow":["GET"]}}],"collection":[{"href":"https:\/\/gayaspa.com.br\/index.php\/wp-json\/wp\/v2\/product"}],"about":[{"href":"https:\/\/gayaspa.com.br\/index.php\/wp-json\/wp\/v2\/types\/product"}],"wp:featuredmedia":[{"embeddable":true,"href":"https:\/\/gayaspa.com.br\/index.php\/wp-json\/wp\/v2\/media\/1420"}],"wp:attachment":[{"href":"https:\/\/gayaspa.com.br\/index.php\/wp-json\/wp\/v2\/media?parent=1419"}],"wp:term":[{"taxonomy":"product_brand","embeddable":true,"href":"https:\/\/gayaspa.com.br\/index.php\/wp-json\/wp\/v2\/product_brand?post=1419"},{"taxonomy":"product_cat","embeddable":true,"href":"https:\/\/gayaspa.com.br\/index.php\/wp-json\/wp\/v2\/product_cat?post=1419"},{"taxonomy":"product_tag","embeddable":true,"href":"https:\/\/gayaspa.com.br\/index.php\/wp-json\/wp\/v2\/product_tag?post=1419"}],"curies":[{"name":"wp","href":"https:\/\/api.w.org\/{rel}","templated":true}]}}