{"id":1408,"date":"2025-11-30T11:00:52","date_gmt":"2025-11-30T14:00:52","guid":{"rendered":"https:\/\/gayaspa.com.br\/?post_type=product&#038;p=1408"},"modified":"2025-11-30T21:16:39","modified_gmt":"2025-12-01T00:16:39","slug":"manta-termica","status":"publish","type":"product","link":"https:\/\/gayaspa.com.br\/index.php\/produto\/manta-termica\/","title":{"rendered":"Manta T\u00e9rmica"},"content":{"rendered":"<p data-start=\"134\" data-end=\"284\">Voc\u00ea sabe o que \u00e9 a manta t\u00e9rmica? J\u00e1 ouviu falar neste procedimento que utiliza o calor para potencializar resultados est\u00e9ticos e promover bem-estar?<\/p>\n<p data-start=\"286\" data-end=\"626\">A manta t\u00e9rmica \u00e9 uma t\u00e9cnica que utiliza um equipamento que gera calor controlado, envolvendo o corpo para aumentar a circula\u00e7\u00e3o sangu\u00ednea, auxiliar na elimina\u00e7\u00e3o de toxinas e potencializar outros tratamentos corporais.<br data-start=\"506\" data-end=\"509\" \/>No GAYA SPA, ela \u00e9 aplicada com todo cuidado e seguran\u00e7a, proporcionando conforto, relaxamento e resultados vis\u00edveis.<\/p>\n<p data-start=\"628\" data-end=\"805\">O calor promove a abertura dos poros, acelera o metabolismo local e favorece a redu\u00e7\u00e3o de medidas, al\u00e9m de ajudar no al\u00edvio de dores musculares e na sensa\u00e7\u00e3o de leveza no corpo.<\/p>\n<p data-start=\"807\" data-end=\"848\"><strong data-start=\"807\" data-end=\"848\">Para quem a manta t\u00e9rmica \u00e9 indicada?<\/strong><\/p>\n<p data-start=\"850\" data-end=\"922\">A manta t\u00e9rmica \u00e9 recomendada quando se apresentam as seguintes queixas:<\/p>\n<ul data-start=\"924\" data-end=\"1108\">\n<li data-start=\"924\" data-end=\"948\">\n<p data-start=\"926\" data-end=\"948\">Reten\u00e7\u00e3o de l\u00edquido;<\/p>\n<\/li>\n<li data-start=\"949\" data-end=\"972\">\n<p data-start=\"951\" data-end=\"972\">Celulite e incha\u00e7o;<\/p>\n<\/li>\n<li data-start=\"973\" data-end=\"1013\">\n<p data-start=\"975\" data-end=\"1013\">Rigidez muscular causada por tens\u00e3o;<\/p>\n<\/li>\n<li data-start=\"1014\" data-end=\"1069\">\n<p data-start=\"1016\" data-end=\"1069\">Necessidade de potencializar tratamentos est\u00e9ticos;<\/p>\n<\/li>\n<li data-start=\"1070\" data-end=\"1108\">\n<p data-start=\"1072\" data-end=\"1108\">Sensa\u00e7\u00e3o de peso e cansa\u00e7o corporal.<\/p>\n<\/li>\n<\/ul>\n<p data-start=\"1110\" data-end=\"1308\">\u00c9 importante ressaltar que este procedimento \u00e9 <strong data-start=\"1157\" data-end=\"1173\">n\u00e3o invasivo<\/strong> e proporciona um aquecimento profundo, sendo uma alternativa confort\u00e1vel e complementar a outros tratamentos est\u00e9ticos e terap\u00eauticos.<\/p>\n<p data-start=\"1310\" data-end=\"1515\">Por\u00e9m, vale lembrar: por envolver eleva\u00e7\u00e3o de temperatura, a manta t\u00e9rmica n\u00e3o \u00e9 indicada para pessoas com algumas condi\u00e7\u00f5es espec\u00edficas, por isso a avalia\u00e7\u00e3o profissional \u00e9 fundamental antes da aplica\u00e7\u00e3o.<\/p>\n","protected":false},"excerpt":{"rendered":"<p><strong data-start=\"96\" data-end=\"124\">Manta T\u00e9rmica \u2014 GAYA SPA<\/strong><br data-start=\"124\" data-end=\"127\" \/>A manta t\u00e9rmica utiliza o calor para ativar a circula\u00e7\u00e3o, reduzir incha\u00e7os e potencializar resultados est\u00e9ticos. Proporciona relaxamento profundo, auxilia na elimina\u00e7\u00e3o de toxinas e deixa o corpo mais leve e renovado. Ideal para quem busca bem-estar e melhoria na reten\u00e7\u00e3o de l\u00edquidos.<\/p>\n","protected":false},"featured_media":1409,"template":"","meta":[],"product_brand":[],"product_cat":[36,37],"product_tag":[],"class_list":{"0":"post-1408","1":"product","2":"type-product","3":"status-publish","4":"has-post-thumbnail","6":"product_cat-bem-estar","7":"product_cat-tratamento","9":"first","10":"instock","11":"sold-individually","12":"shipping-taxable","13":"product-type-external"},"jetpack_sharing_enabled":true,"_links":{"self":[{"href":"https:\/\/gayaspa.com.br\/index.php\/wp-json\/wp\/v2\/product\/1408","targetHints":{"allow":["GET"]}}],"collection":[{"href":"https:\/\/gayaspa.com.br\/index.php\/wp-json\/wp\/v2\/product"}],"about":[{"href":"https:\/\/gayaspa.com.br\/index.php\/wp-json\/wp\/v2\/types\/product"}],"wp:featuredmedia":[{"embeddable":true,"href":"https:\/\/gayaspa.com.br\/index.php\/wp-json\/wp\/v2\/media\/1409"}],"wp:attachment":[{"href":"https:\/\/gayaspa.com.br\/index.php\/wp-json\/wp\/v2\/media?parent=1408"}],"wp:term":[{"taxonomy":"product_brand","embeddable":true,"href":"https:\/\/gayaspa.com.br\/index.php\/wp-json\/wp\/v2\/product_brand?post=1408"},{"taxonomy":"product_cat","embeddable":true,"href":"https:\/\/gayaspa.com.br\/index.php\/wp-json\/wp\/v2\/product_cat?post=1408"},{"taxonomy":"product_tag","embeddable":true,"href":"https:\/\/gayaspa.com.br\/index.php\/wp-json\/wp\/v2\/product_tag?post=1408"}],"curies":[{"name":"wp","href":"https:\/\/api.w.org\/{rel}","templated":true}]}}